{"id":960,"date":"2025-09-23T14:32:07","date_gmt":"2025-09-23T17:32:07","guid":{"rendered":"https:\/\/edicionesdelpais.com\/editorial\/?post_type=product&#038;p=960"},"modified":"2025-11-17T11:43:04","modified_gmt":"2025-11-17T14:43:04","slug":"codigo-de-mineria-edicion-estudiantil","status":"publish","type":"product","link":"https:\/\/edicionesdelpais.com\/editorial\/producto\/codigo-de-mineria-edicion-estudiantil\/","title":{"rendered":"C\u00f3digo de Miner\u00eda (Edici\u00f3n estudiantil)"},"content":{"rendered":"<h4>C\u00d3DIGO DE MINER\u00cdA, ( EDICI\u00d3N ESTUDIANTIL) LEY DE HIDROCARBUROS.<\/h4>\n<p>Texto ordenado por decreto n\u00b0 456\/97<\/p>\n<p>Ley de Hidrocarburos n\u00b0 17.319 Incluye ley n\u00b0 26.145 y 26.659<\/p>\n<p><a href=\"http:\/\/edicionesdelpais.com\/editorial\/wp-content\/uploads\/2019\/04\/MINERIA_INDICE.pdf\">MINERIA_INDICE<\/a><\/p>\n<h5><\/h5>\n<h5>Publicaci\u00f3n\u00a0 2025<\/h5>\n<h5>MEDIDAS: 24 X 17 CM\u00a0 \u00a0 88 P\u00c1GINAS<\/h5>\n<p>&nbsp;<\/p>\n<h4><\/h4>\n<h4>USTED PODR\u00c1 CONSULTAR Y DESCARGAR LAS ACTUALIZACIONES VIGENTES.<\/h4>\n<h4>TODOS NUESTROS LIBROS CUENTAN CON ESTE BENEFICIO.<\/h4>\n<p><a href=\"http:\/\/edicionesdelpais.com\/editorial\/mi-cuenta\/actualizaciones-editorial\/\">http:\/\/edicionesdelpais.com\/editorial\/mi-cuenta\/actualizaciones-editorial\/<\/a><\/p>\n<h4>Contamos con env\u00edos a todos el Pa\u00eds.<\/h4>\n<p>&nbsp;<\/p>\n<p>&nbsp;<\/p>\n<p>&nbsp;<\/p>\n<p>&nbsp;<\/p>\n<p>&nbsp;<\/p>\n","protected":false},"excerpt":{"rendered":"<p>C\u00d3DIGO DE MINER\u00cdA, ( EDICI\u00d3N ESTUDIANTIL) LEY DE HIDROCARBUROS. Texto ordenado por decreto n\u00b0 456\/97 Ley de Hidrocarburos n\u00b0 17.319 Incluye ley n\u00b0 26.145 y 26.659 MINERIA_INDICE Publicaci\u00f3n\u00a0 2025 MEDIDAS: 24 X 17 CM\u00a0 \u00a0 88 P\u00c1GINAS &nbsp; USTED PODR\u00c1 CONSULTAR Y DESCARGAR LAS ACTUALIZACIONES VIGENTES. TODOS NUESTROS LIBROS CUENTAN CON ESTE BENEFICIO. http:\/\/edicionesdelpais.com\/editorial\/mi-cuenta\/actualizaciones-editorial\/ Contamos [&hellip;]<\/p>\n","protected":false},"featured_media":1122,"template":"","meta":[],"product_brand":[],"product_cat":[72,75],"product_tag":[],"class_list":{"0":"post-960","1":"product","2":"type-product","3":"status-publish","4":"has-post-thumbnail","6":"product_cat-codigos","7":"product_cat-nacionales","8":"product_shipping_class-mercado-envio","10":"first","11":"instock","12":"shipping-taxable","13":"purchasable","14":"product-type-simple"},"aioseo_notices":[],"_links":{"self":[{"href":"https:\/\/edicionesdelpais.com\/editorial\/wp-json\/wp\/v2\/product\/960","targetHints":{"allow":["GET"]}}],"collection":[{"href":"https:\/\/edicionesdelpais.com\/editorial\/wp-json\/wp\/v2\/product"}],"about":[{"href":"https:\/\/edicionesdelpais.com\/editorial\/wp-json\/wp\/v2\/types\/product"}],"wp:featuredmedia":[{"embeddable":true,"href":"https:\/\/edicionesdelpais.com\/editorial\/wp-json\/wp\/v2\/media\/1122"}],"wp:attachment":[{"href":"https:\/\/edicionesdelpais.com\/editorial\/wp-json\/wp\/v2\/media?parent=960"}],"wp:term":[{"taxonomy":"product_brand","embeddable":true,"href":"https:\/\/edicionesdelpais.com\/editorial\/wp-json\/wp\/v2\/product_brand?post=960"},{"taxonomy":"product_cat","embeddable":true,"href":"https:\/\/edicionesdelpais.com\/editorial\/wp-json\/wp\/v2\/product_cat?post=960"},{"taxonomy":"product_tag","embeddable":true,"href":"https:\/\/edicionesdelpais.com\/editorial\/wp-json\/wp\/v2\/product_tag?post=960"}],"curies":[{"name":"wp","href":"https:\/\/api.w.org\/{rel}","templated":true}]}}