{"id":951,"date":"2025-09-23T14:32:07","date_gmt":"2025-09-23T17:32:07","guid":{"rendered":"https:\/\/edicionesdelpais.com\/editorial\/?post_type=product&#038;p=951"},"modified":"2025-11-14T11:43:08","modified_gmt":"2025-11-14T14:43:08","slug":"estatuto-del-docente-provincia-de-buenos-aires-10-579","status":"publish","type":"product","link":"https:\/\/edicionesdelpais.com\/editorial\/producto\/estatuto-del-docente-provincia-de-buenos-aires-10-579\/","title":{"rendered":"ESTATUTO DEL DOCENTE PROVINCIA DE BUENOS AIRES. 10.579"},"content":{"rendered":"<h5>10.579 &#8211; ESTATUTO DEL DOCENTE Prov. de Bs. As.<\/h5>\n<p>Leyes: 10.579, 13.552.<br \/>\nDecretos: Decretos: 6166\/89, 2485\/92, 1636\/02.<\/p>\n<h5>1ra Edici\u00f3n Agosto 2009<\/h5>\n<h5>15ta Reimpresi\u00f3n Julio 2025<\/h5>\n<h5>100 p\u00e1ginas.<\/h5>\n<h4><\/h4>\n<h4>USTED PODR\u00c1 CONSULTAR Y DESCARGAR LAS ACTUALIZACIONES VIGENTES.<\/h4>\n<h4>TODOS NUESTROS LIBROS CUENTAN CON ESTE BENEFICIO.<\/h4>\n<h4><a href=\"http:\/\/edicionesdelpais.com\/editorial\/mi-cuenta\/actualizaciones-editorial\/\">http:\/\/edicionesdelpais.com\/editorial\/mi-cuenta\/actualizaciones-editorial\/<\/a><\/h4>\n<h4>Contamos con env\u00edos a todos el Pa\u00eds.<\/h4>\n","protected":false},"excerpt":{"rendered":"<p>10.579 &#8211; ESTATUTO DEL DOCENTE Prov. de Bs. As. Leyes: 10.579, 13.552. Decretos: Decretos: 6166\/89, 2485\/92, 1636\/02. 1ra Edici\u00f3n Agosto 2009 15ta Reimpresi\u00f3n Julio 2025 100 p\u00e1ginas. USTED PODR\u00c1 CONSULTAR Y DESCARGAR LAS ACTUALIZACIONES VIGENTES. TODOS NUESTROS LIBROS CUENTAN CON ESTE BENEFICIO. http:\/\/edicionesdelpais.com\/editorial\/mi-cuenta\/actualizaciones-editorial\/ Contamos con env\u00edos a todos el Pa\u00eds.<\/p>\n","protected":false},"featured_media":1113,"template":"","meta":[],"product_brand":[],"product_cat":[123],"product_tag":[],"class_list":{"0":"post-951","1":"product","2":"type-product","3":"status-publish","4":"has-post-thumbnail","6":"product_cat-c-c-t-convenios","7":"product_shipping_class-mercado-envio","9":"first","10":"instock","11":"shipping-taxable","12":"purchasable","13":"product-type-simple"},"aioseo_notices":[],"_links":{"self":[{"href":"https:\/\/edicionesdelpais.com\/editorial\/wp-json\/wp\/v2\/product\/951","targetHints":{"allow":["GET"]}}],"collection":[{"href":"https:\/\/edicionesdelpais.com\/editorial\/wp-json\/wp\/v2\/product"}],"about":[{"href":"https:\/\/edicionesdelpais.com\/editorial\/wp-json\/wp\/v2\/types\/product"}],"wp:featuredmedia":[{"embeddable":true,"href":"https:\/\/edicionesdelpais.com\/editorial\/wp-json\/wp\/v2\/media\/1113"}],"wp:attachment":[{"href":"https:\/\/edicionesdelpais.com\/editorial\/wp-json\/wp\/v2\/media?parent=951"}],"wp:term":[{"taxonomy":"product_brand","embeddable":true,"href":"https:\/\/edicionesdelpais.com\/editorial\/wp-json\/wp\/v2\/product_brand?post=951"},{"taxonomy":"product_cat","embeddable":true,"href":"https:\/\/edicionesdelpais.com\/editorial\/wp-json\/wp\/v2\/product_cat?post=951"},{"taxonomy":"product_tag","embeddable":true,"href":"https:\/\/edicionesdelpais.com\/editorial\/wp-json\/wp\/v2\/product_tag?post=951"}],"curies":[{"name":"wp","href":"https:\/\/api.w.org\/{rel}","templated":true}]}}