{"id":915,"date":"2025-09-23T14:31:45","date_gmt":"2025-09-23T17:31:45","guid":{"rendered":"https:\/\/edicionesdelpais.com\/editorial\/?post_type=product&#038;p=915"},"modified":"2025-12-01T18:44:20","modified_gmt":"2025-12-01T21:44:20","slug":"seguros","status":"publish","type":"product","link":"https:\/\/edicionesdelpais.com\/editorial\/producto\/seguros\/","title":{"rendered":"SEGUROS"},"content":{"rendered":"<h5>SEGUROS<\/h5>\n<p>Leyes Nros. 17.418, 22.400.<br \/>\nDecreto: 855\/94<\/p>\n<h5>Indice:\u00a0<a href=\"http:\/\/edicionesdelpais.com\/editorial\/wp-content\/uploads\/2019\/04\/SEGUROS_INDICE.pdf\">SEGUROS<\/a><\/h5>\n<h5><\/h5>\n<h5>9na Edici\u00f3n Julio 2018<\/h5>\n<h5>2da Reimpresi\u00f3n Septiembre 2023<\/h5>\n<h5>32 p\u00e1ginas.<\/h5>\n<h4><\/h4>\n<h4>USTED PODR\u00c1 CONSULTAR Y DESCARGAR LAS ACTUALIZACIONES VIGENTES.<\/h4>\n<h4>TODOS NUESTROS LIBROS CUENTAN CON ESTE BENEFICIO.<\/h4>\n<h4><a href=\"http:\/\/edicionesdelpais.com\/editorial\/mi-cuenta\/actualizaciones-editorial\/\">http:\/\/edicionesdelpais.com\/editorial\/mi-cuenta\/actualizaciones-editorial\/<\/a><\/h4>\n<h4>Contamos con env\u00edos a todos el Pa\u00eds.<\/h4>\n","protected":false},"excerpt":{"rendered":"<p>SEGUROS Leyes Nros. 17.418, 22.400. Decreto: 855\/94 Indice:\u00a0SEGUROS 9na Edici\u00f3n Julio 2018 2da Reimpresi\u00f3n Septiembre 2023 32 p\u00e1ginas. USTED PODR\u00c1 CONSULTAR Y DESCARGAR LAS ACTUALIZACIONES VIGENTES. TODOS NUESTROS LIBROS CUENTAN CON ESTE BENEFICIO. http:\/\/edicionesdelpais.com\/editorial\/mi-cuenta\/actualizaciones-editorial\/ Contamos con env\u00edos a todos el Pa\u00eds.<\/p>\n","protected":false},"featured_media":1026,"template":"","meta":[],"product_brand":[],"product_cat":[69,39],"product_tag":[],"class_list":{"0":"post-915","1":"product","2":"type-product","3":"status-publish","4":"has-post-thumbnail","6":"product_cat-comerciales","7":"product_cat-legislacion","8":"product_shipping_class-mercado-envio","10":"first","11":"instock","12":"shipping-taxable","13":"purchasable","14":"product-type-simple"},"aioseo_notices":[],"_links":{"self":[{"href":"https:\/\/edicionesdelpais.com\/editorial\/wp-json\/wp\/v2\/product\/915","targetHints":{"allow":["GET"]}}],"collection":[{"href":"https:\/\/edicionesdelpais.com\/editorial\/wp-json\/wp\/v2\/product"}],"about":[{"href":"https:\/\/edicionesdelpais.com\/editorial\/wp-json\/wp\/v2\/types\/product"}],"wp:featuredmedia":[{"embeddable":true,"href":"https:\/\/edicionesdelpais.com\/editorial\/wp-json\/wp\/v2\/media\/1026"}],"wp:attachment":[{"href":"https:\/\/edicionesdelpais.com\/editorial\/wp-json\/wp\/v2\/media?parent=915"}],"wp:term":[{"taxonomy":"product_brand","embeddable":true,"href":"https:\/\/edicionesdelpais.com\/editorial\/wp-json\/wp\/v2\/product_brand?post=915"},{"taxonomy":"product_cat","embeddable":true,"href":"https:\/\/edicionesdelpais.com\/editorial\/wp-json\/wp\/v2\/product_cat?post=915"},{"taxonomy":"product_tag","embeddable":true,"href":"https:\/\/edicionesdelpais.com\/editorial\/wp-json\/wp\/v2\/product_tag?post=915"}],"curies":[{"name":"wp","href":"https:\/\/api.w.org\/{rel}","templated":true}]}}