{"id":909,"date":"2025-09-23T14:31:45","date_gmt":"2025-09-23T17:31:45","guid":{"rendered":"https:\/\/edicionesdelpais.com\/editorial\/?post_type=product&#038;p=909"},"modified":"2025-11-14T12:34:29","modified_gmt":"2025-11-14T15:34:29","slug":"procedimientos-administrativos","status":"publish","type":"product","link":"https:\/\/edicionesdelpais.com\/editorial\/producto\/procedimientos-administrativos\/","title":{"rendered":"PROCEDIMIENTOS ADMINISTRATIVOS"},"content":{"rendered":"<h5>PROCEDIMIENTOS ADMINISTRATIVOS<\/h5>\n<h5>Contrataciones del Estado<\/h5>\n<h5>Actualizada Texto Ordenado 2017 del Decr. Regl<\/h5>\n<h5>Ley Nro. 19.549.<br \/>\nDtos. 1759\/72, 1883\/91, 722\/96, 1023\/01, 893\/12, 894\/17.<br \/>\nRes.: 140\/95.<\/h5>\n<h5>27Ma Edici\u00f3n Junio 2025<\/h5>\n<h5>88 p\u00e1ginas.<\/h5>\n<h4><\/h4>\n<h4>USTED PODR\u00c1 CONSULTAR Y DESCARGAR LAS ACTUALIZACIONES VIGENTES.<\/h4>\n<h4>TODOS NUESTROS LIBROS CUENTAN CON ESTE BENEFICIO.<\/h4>\n<h4><a href=\"http:\/\/edicionesdelpais.com\/editorial\/mi-cuenta\/actualizaciones-editorial\/\">http:\/\/edicionesdelpais.com\/editorial\/mi-cuenta\/actualizaciones-editorial\/<\/a><\/h4>\n<h4>Contamos con env\u00edos a todos el Pa\u00eds.<\/h4>\n","protected":false},"excerpt":{"rendered":"<p>PROCEDIMIENTOS ADMINISTRATIVOS Contrataciones del Estado Actualizada Texto Ordenado 2017 del Decr. Regl Ley Nro. 19.549. Dtos. 1759\/72, 1883\/91, 722\/96, 1023\/01, 893\/12, 894\/17. Res.: 140\/95. 27Ma Edici\u00f3n Junio 2025 88 p\u00e1ginas. USTED PODR\u00c1 CONSULTAR Y DESCARGAR LAS ACTUALIZACIONES VIGENTES. TODOS NUESTROS LIBROS CUENTAN CON ESTE BENEFICIO. http:\/\/edicionesdelpais.com\/editorial\/mi-cuenta\/actualizaciones-editorial\/ Contamos con env\u00edos a todos el Pa\u00eds.<\/p>\n","protected":false},"featured_media":1020,"template":"","meta":[],"product_brand":[],"product_cat":[42,39],"product_tag":[],"class_list":{"0":"post-909","1":"product","2":"type-product","3":"status-publish","4":"has-post-thumbnail","6":"product_cat-administrativas","7":"product_cat-legislacion","8":"product_shipping_class-mercado-envio","10":"first","11":"instock","12":"shipping-taxable","13":"purchasable","14":"product-type-simple"},"aioseo_notices":[],"_links":{"self":[{"href":"https:\/\/edicionesdelpais.com\/editorial\/wp-json\/wp\/v2\/product\/909","targetHints":{"allow":["GET"]}}],"collection":[{"href":"https:\/\/edicionesdelpais.com\/editorial\/wp-json\/wp\/v2\/product"}],"about":[{"href":"https:\/\/edicionesdelpais.com\/editorial\/wp-json\/wp\/v2\/types\/product"}],"wp:featuredmedia":[{"embeddable":true,"href":"https:\/\/edicionesdelpais.com\/editorial\/wp-json\/wp\/v2\/media\/1020"}],"wp:attachment":[{"href":"https:\/\/edicionesdelpais.com\/editorial\/wp-json\/wp\/v2\/media?parent=909"}],"wp:term":[{"taxonomy":"product_brand","embeddable":true,"href":"https:\/\/edicionesdelpais.com\/editorial\/wp-json\/wp\/v2\/product_brand?post=909"},{"taxonomy":"product_cat","embeddable":true,"href":"https:\/\/edicionesdelpais.com\/editorial\/wp-json\/wp\/v2\/product_cat?post=909"},{"taxonomy":"product_tag","embeddable":true,"href":"https:\/\/edicionesdelpais.com\/editorial\/wp-json\/wp\/v2\/product_tag?post=909"}],"curies":[{"name":"wp","href":"https:\/\/api.w.org\/{rel}","templated":true}]}}