{"id":897,"date":"2025-09-23T14:31:45","date_gmt":"2025-09-23T17:31:45","guid":{"rendered":"https:\/\/edicionesdelpais.com\/editorial\/?post_type=product&#038;p=897"},"modified":"2025-11-17T12:05:40","modified_gmt":"2025-11-17T15:05:40","slug":"letra-de-cambio-y-pagare","status":"publish","type":"product","link":"https:\/\/edicionesdelpais.com\/editorial\/producto\/letra-de-cambio-y-pagare\/","title":{"rendered":"LETRA DE CAMBIO Y PAGAR\u00c9"},"content":{"rendered":"<h5>LETRA DE CAMBIO Y PAGAR\u00c9<\/h5>\n<p>Dto.-Ley 5965\/63, con las modificaciones de la Ley 27.264<br \/>\nLey 27.264 (PP)<br \/>\nDto. 1387\/2001, 1101 (PP)<\/p>\n<h5><\/h5>\n<h5><a href=\"http:\/\/edicionesdelpais.com\/editorial\/wp-content\/uploads\/2019\/03\/LETRA-DE-CAMBIO-Y-PAGARE_INDICE.pdf\">LETRA DE CAMBIO Y PAGARE_INDICE<\/a><\/h5>\n<p style=\"font-weight: 400\">12 edicion julio de 2018<\/p>\n<p style=\"font-weight: 400\">3ra. Reimpresi\u00f3n Febrero de 2020<\/p>\n<h5>23 p\u00e1ginas.<\/h5>\n<h4><\/h4>\n<h4>USTED PODR\u00c1 CONSULTAR Y DESCARGAR LAS ACTUALIZACIONES VIGENTES.<\/h4>\n<h4>TODOS NUESTROS LIBROS CUENTAN CON ESTE BENEFICIO.<\/h4>\n<h4><a href=\"http:\/\/edicionesdelpais.com\/editorial\/mi-cuenta\/actualizaciones-editorial\/\">http:\/\/edicionesdelpais.com\/editorial\/mi-cuenta\/actualizaciones-editorial\/<\/a><\/h4>\n<h4>Contamos con env\u00edos a todos el Pa\u00eds.<\/h4>\n","protected":false},"excerpt":{"rendered":"<p>LETRA DE CAMBIO Y PAGAR\u00c9 Dto.-Ley 5965\/63, con las modificaciones de la Ley 27.264 Ley 27.264 (PP) Dto. 1387\/2001, 1101 (PP) LETRA DE CAMBIO Y PAGARE_INDICE 12 edicion julio de 2018 3ra. Reimpresi\u00f3n Febrero de 2020 23 p\u00e1ginas. USTED PODR\u00c1 CONSULTAR Y DESCARGAR LAS ACTUALIZACIONES VIGENTES. TODOS NUESTROS LIBROS CUENTAN CON ESTE BENEFICIO. http:\/\/edicionesdelpais.com\/editorial\/mi-cuenta\/actualizaciones-editorial\/ Contamos [&hellip;]<\/p>\n","protected":false},"featured_media":1008,"template":"","meta":[],"product_brand":[],"product_cat":[69,39],"product_tag":[],"class_list":{"0":"post-897","1":"product","2":"type-product","3":"status-publish","4":"has-post-thumbnail","6":"product_cat-comerciales","7":"product_cat-legislacion","8":"product_shipping_class-mercado-envio","10":"first","11":"instock","12":"shipping-taxable","13":"purchasable","14":"product-type-simple"},"aioseo_notices":[],"_links":{"self":[{"href":"https:\/\/edicionesdelpais.com\/editorial\/wp-json\/wp\/v2\/product\/897","targetHints":{"allow":["GET"]}}],"collection":[{"href":"https:\/\/edicionesdelpais.com\/editorial\/wp-json\/wp\/v2\/product"}],"about":[{"href":"https:\/\/edicionesdelpais.com\/editorial\/wp-json\/wp\/v2\/types\/product"}],"wp:featuredmedia":[{"embeddable":true,"href":"https:\/\/edicionesdelpais.com\/editorial\/wp-json\/wp\/v2\/media\/1008"}],"wp:attachment":[{"href":"https:\/\/edicionesdelpais.com\/editorial\/wp-json\/wp\/v2\/media?parent=897"}],"wp:term":[{"taxonomy":"product_brand","embeddable":true,"href":"https:\/\/edicionesdelpais.com\/editorial\/wp-json\/wp\/v2\/product_brand?post=897"},{"taxonomy":"product_cat","embeddable":true,"href":"https:\/\/edicionesdelpais.com\/editorial\/wp-json\/wp\/v2\/product_cat?post=897"},{"taxonomy":"product_tag","embeddable":true,"href":"https:\/\/edicionesdelpais.com\/editorial\/wp-json\/wp\/v2\/product_tag?post=897"}],"curies":[{"name":"wp","href":"https:\/\/api.w.org\/{rel}","templated":true}]}}