{"id":891,"date":"2025-09-23T14:31:45","date_gmt":"2025-09-23T17:31:45","guid":{"rendered":"https:\/\/edicionesdelpais.com\/editorial\/?post_type=product&#038;p=891"},"modified":"2025-11-14T12:10:04","modified_gmt":"2025-11-14T15:10:04","slug":"higiene-y-seguridad-en-el-trabajo-para-la-industria-de-la-construccion-dec-911-96","status":"publish","type":"product","link":"https:\/\/edicionesdelpais.com\/editorial\/producto\/higiene-y-seguridad-en-el-trabajo-para-la-industria-de-la-construccion-dec-911-96\/","title":{"rendered":"HIGIENE Y SEGURIDAD EN EL TRABAJO, Para la Industria de la Construcci\u00f3n. dec, 911\/96"},"content":{"rendered":"<h5>HIGIENE Y SEGURIDAD EN EL TRABAJO,\u00a0Para la Industria de la Construcci\u00f3n.\u00a0 Dec. 911\/96<br \/>\nRs. 231\/96, 231\/96, 51\/97, 35\/98 (SRT), 319\/99, 319\/99, 311\/03 (SRT),<br \/>\n550\/11 (SRT), 503\/14 (MTESS)<\/h5>\n<h5><\/h5>\n<h5><a href=\"http:\/\/edicionesdelpais.com\/editorial\/wp-content\/uploads\/2019\/03\/higiene-y-seguridad-en-la-construccion_INDICE.pdf\">higiene y seguridad en la construccion_INDICE<\/a><\/h5>\n<h5>7ma Edici\u00f3n Octubre 2014<\/h5>\n<p>22Da Reimpresi\u00f3n Julio 2025<\/p>\n<h5>78 p\u00e1ginas.<\/h5>\n<h4><\/h4>\n<h4>USTED PODR\u00c1 CONSULTAR Y DESCARGAR LAS ACTUALIZACIONES VIGENTES.<\/h4>\n<h4>TODOS NUESTROS LIBROS CUENTAN CON ESTE BENEFICIO.<\/h4>\n<h4><a href=\"http:\/\/edicionesdelpais.com\/editorial\/mi-cuenta\/actualizaciones-editorial\/\">http:\/\/edicionesdelpais.com\/editorial\/mi-cuenta\/actualizaciones-editorial\/<\/a><\/h4>\n<h4>Contamos con env\u00edos a todos el Pa\u00eds.<\/h4>\n","protected":false},"excerpt":{"rendered":"<p>HIGIENE Y SEGURIDAD EN EL TRABAJO,\u00a0Para la Industria de la Construcci\u00f3n.\u00a0 Dec. 911\/96 Rs. 231\/96, 231\/96, 51\/97, 35\/98 (SRT), 319\/99, 319\/99, 311\/03 (SRT), 550\/11 (SRT), 503\/14 (MTESS) higiene y seguridad en la construccion_INDICE 7ma Edici\u00f3n Octubre 2014 22Da Reimpresi\u00f3n Julio 2025 78 p\u00e1ginas. USTED PODR\u00c1 CONSULTAR Y DESCARGAR LAS ACTUALIZACIONES VIGENTES. TODOS NUESTROS LIBROS CUENTAN [&hellip;]<\/p>\n","protected":false},"featured_media":1002,"template":"","meta":[],"product_brand":[],"product_cat":[51,39,45],"product_tag":[],"class_list":{"0":"post-891","1":"product","2":"type-product","3":"status-publish","4":"has-post-thumbnail","6":"product_cat-laborales","7":"product_cat-legislacion","8":"product_cat-novedades","9":"product_shipping_class-mercado-envio","11":"first","12":"instock","13":"shipping-taxable","14":"purchasable","15":"product-type-simple"},"aioseo_notices":[],"_links":{"self":[{"href":"https:\/\/edicionesdelpais.com\/editorial\/wp-json\/wp\/v2\/product\/891","targetHints":{"allow":["GET"]}}],"collection":[{"href":"https:\/\/edicionesdelpais.com\/editorial\/wp-json\/wp\/v2\/product"}],"about":[{"href":"https:\/\/edicionesdelpais.com\/editorial\/wp-json\/wp\/v2\/types\/product"}],"wp:featuredmedia":[{"embeddable":true,"href":"https:\/\/edicionesdelpais.com\/editorial\/wp-json\/wp\/v2\/media\/1002"}],"wp:attachment":[{"href":"https:\/\/edicionesdelpais.com\/editorial\/wp-json\/wp\/v2\/media?parent=891"}],"wp:term":[{"taxonomy":"product_brand","embeddable":true,"href":"https:\/\/edicionesdelpais.com\/editorial\/wp-json\/wp\/v2\/product_brand?post=891"},{"taxonomy":"product_cat","embeddable":true,"href":"https:\/\/edicionesdelpais.com\/editorial\/wp-json\/wp\/v2\/product_cat?post=891"},{"taxonomy":"product_tag","embeddable":true,"href":"https:\/\/edicionesdelpais.com\/editorial\/wp-json\/wp\/v2\/product_tag?post=891"}],"curies":[{"name":"wp","href":"https:\/\/api.w.org\/{rel}","templated":true}]}}