{"id":840,"date":"2025-09-23T14:31:13","date_gmt":"2025-09-23T17:31:13","guid":{"rendered":"https:\/\/edicionesdelpais.com\/editorial\/?post_type=product&#038;p=840"},"modified":"2025-12-01T18:44:20","modified_gmt":"2025-12-01T21:44:20","slug":"educacion-provincia-de-buenos-aires","status":"publish","type":"product","link":"https:\/\/edicionesdelpais.com\/editorial\/producto\/educacion-provincia-de-buenos-aires\/","title":{"rendered":"EDUCACI\u00d3N PROVINCIA DE BUENOS AIRES"},"content":{"rendered":"<h5>EDUCACI\u00d3N PROVINCIA DE BUENOS AIRES<\/h5>\n<p>(Actualizada hasta la Ley 14.362)<br \/>\nLey N\u00ba 13.688<br \/>\nReglamento General de las instituciones educativas de la Provincia de Buenos Aires.<\/p>\n<p>Decreto 2299\/2011.<\/p>\n<h5><\/h5>\n<h5><\/h5>\n<h5>Edici\u00f3n 2023<\/h5>\n<h5>115 p\u00e1ginas.<\/h5>\n<h4><\/h4>\n<h4>USTED PODR\u00c1 CONSULTAR Y DESCARGAR LAS ACTUALIZACIONES VIGENTES.<\/h4>\n<h4>TODOS NUESTROS LIBROS CUENTAN CON ESTE BENEFICIO.<\/h4>\n<h4><a href=\"http:\/\/edicionesdelpais.com\/editorial\/mi-cuenta\/actualizaciones-editorial\/\">http:\/\/edicionesdelpais.com\/editorial\/mi-cuenta\/actualizaciones-editorial\/<\/a><\/h4>\n<h4>Contamos con env\u00edos a todos el Pa\u00eds.<\/h4>\n","protected":false},"excerpt":{"rendered":"<p>EDUCACI\u00d3N PROVINCIA DE BUENOS AIRES (Actualizada hasta la Ley 14.362) Ley N\u00ba 13.688 Reglamento General de las instituciones educativas de la Provincia de Buenos Aires. Decreto 2299\/2011. Edici\u00f3n 2023 115 p\u00e1ginas. USTED PODR\u00c1 CONSULTAR Y DESCARGAR LAS ACTUALIZACIONES VIGENTES. TODOS NUESTROS LIBROS CUENTAN CON ESTE BENEFICIO. http:\/\/edicionesdelpais.com\/editorial\/mi-cuenta\/actualizaciones-editorial\/ Contamos con env\u00edos a todos el Pa\u00eds.<\/p>\n","protected":false},"featured_media":993,"template":"","meta":[],"product_brand":[],"product_cat":[111,39],"product_tag":[],"class_list":{"0":"post-840","1":"product","2":"type-product","3":"status-publish","4":"has-post-thumbnail","6":"product_cat-educacion","7":"product_cat-legislacion","8":"product_shipping_class-mercado-envio","10":"first","11":"instock","12":"shipping-taxable","13":"purchasable","14":"product-type-simple"},"aioseo_notices":[],"_links":{"self":[{"href":"https:\/\/edicionesdelpais.com\/editorial\/wp-json\/wp\/v2\/product\/840","targetHints":{"allow":["GET"]}}],"collection":[{"href":"https:\/\/edicionesdelpais.com\/editorial\/wp-json\/wp\/v2\/product"}],"about":[{"href":"https:\/\/edicionesdelpais.com\/editorial\/wp-json\/wp\/v2\/types\/product"}],"wp:featuredmedia":[{"embeddable":true,"href":"https:\/\/edicionesdelpais.com\/editorial\/wp-json\/wp\/v2\/media\/993"}],"wp:attachment":[{"href":"https:\/\/edicionesdelpais.com\/editorial\/wp-json\/wp\/v2\/media?parent=840"}],"wp:term":[{"taxonomy":"product_brand","embeddable":true,"href":"https:\/\/edicionesdelpais.com\/editorial\/wp-json\/wp\/v2\/product_brand?post=840"},{"taxonomy":"product_cat","embeddable":true,"href":"https:\/\/edicionesdelpais.com\/editorial\/wp-json\/wp\/v2\/product_cat?post=840"},{"taxonomy":"product_tag","embeddable":true,"href":"https:\/\/edicionesdelpais.com\/editorial\/wp-json\/wp\/v2\/product_tag?post=840"}],"curies":[{"name":"wp","href":"https:\/\/api.w.org\/{rel}","templated":true}]}}