{"id":837,"date":"2025-09-23T14:31:13","date_gmt":"2025-09-23T17:31:13","guid":{"rendered":"https:\/\/edicionesdelpais.com\/editorial\/?post_type=product&#038;p=837"},"modified":"2025-11-14T16:16:17","modified_gmt":"2025-11-14T19:16:17","slug":"educacion-nacional","status":"publish","type":"product","link":"https:\/\/edicionesdelpais.com\/editorial\/producto\/educacion-nacional\/","title":{"rendered":"EDUCACI\u00d3N NACIONAL"},"content":{"rendered":"<h5>EDUCACI\u00d3N NACIONAL<\/h5>\n<p>Leyes Nros. 2.110, (Cdad. Bs. As.), 24.806, 25.273, 25.584, 26.150,.<br \/>\n26.206, 25.864, 26.058, 26.759, 27.064.<br \/>\nDtos. 1276\/96<\/p>\n<p>Educaci\u00f3n Sexual Integral<\/p>\n<p>Equivalencia de T\u00edtulos y Estudios<\/p>\n<p>Ense\u00f1anza privada<\/p>\n<p>Alumnas Embarazadas<\/p>\n<p>Ciclo Lectivo Minimo<\/p>\n<p>Educaci\u00f3n Tecnico Profesional<\/p>\n<p>&nbsp;<\/p>\n<h5>13ra Edici\u00f3n Julio de 2021<\/h5>\n<p><strong>2Da Reimpresi\u00f3n Julio 2023<\/strong><\/p>\n<h5>60 p\u00e1ginas.<\/h5>\n<h4><\/h4>\n<h4>USTED PODR\u00c1 CONSULTAR Y DESCARGAR LAS ACTUALIZACIONES VIGENTES.<\/h4>\n<h4>TODOS NUESTROS LIBROS CUENTAN CON ESTE BENEFICIO.<\/h4>\n<h4><a href=\"http:\/\/edicionesdelpais.com\/editorial\/mi-cuenta\/actualizaciones-editorial\/\">http:\/\/edicionesdelpais.com\/editorial\/mi-cuenta\/actualizaciones-editorial\/<\/a><\/h4>\n<h4>Contamos con env\u00edos a todos el Pa\u00eds.<\/h4>\n","protected":false},"excerpt":{"rendered":"<p>EDUCACI\u00d3N NACIONAL Leyes Nros. 2.110, (Cdad. Bs. As.), 24.806, 25.273, 25.584, 26.150,. 26.206, 25.864, 26.058, 26.759, 27.064. Dtos. 1276\/96 Educaci\u00f3n Sexual Integral Equivalencia de T\u00edtulos y Estudios Ense\u00f1anza privada Alumnas Embarazadas Ciclo Lectivo Minimo Educaci\u00f3n Tecnico Profesional &nbsp; 13ra Edici\u00f3n Julio de 2021 2Da Reimpresi\u00f3n Julio 2023 60 p\u00e1ginas. USTED PODR\u00c1 CONSULTAR Y DESCARGAR LAS [&hellip;]<\/p>\n","protected":false},"featured_media":990,"template":"","meta":[],"product_brand":[],"product_cat":[111,39],"product_tag":[],"class_list":{"0":"post-837","1":"product","2":"type-product","3":"status-publish","4":"has-post-thumbnail","6":"product_cat-educacion","7":"product_cat-legislacion","8":"product_shipping_class-mercado-envio","10":"first","11":"instock","12":"shipping-taxable","13":"purchasable","14":"product-type-simple"},"aioseo_notices":[],"_links":{"self":[{"href":"https:\/\/edicionesdelpais.com\/editorial\/wp-json\/wp\/v2\/product\/837","targetHints":{"allow":["GET"]}}],"collection":[{"href":"https:\/\/edicionesdelpais.com\/editorial\/wp-json\/wp\/v2\/product"}],"about":[{"href":"https:\/\/edicionesdelpais.com\/editorial\/wp-json\/wp\/v2\/types\/product"}],"wp:featuredmedia":[{"embeddable":true,"href":"https:\/\/edicionesdelpais.com\/editorial\/wp-json\/wp\/v2\/media\/990"}],"wp:attachment":[{"href":"https:\/\/edicionesdelpais.com\/editorial\/wp-json\/wp\/v2\/media?parent=837"}],"wp:term":[{"taxonomy":"product_brand","embeddable":true,"href":"https:\/\/edicionesdelpais.com\/editorial\/wp-json\/wp\/v2\/product_brand?post=837"},{"taxonomy":"product_cat","embeddable":true,"href":"https:\/\/edicionesdelpais.com\/editorial\/wp-json\/wp\/v2\/product_cat?post=837"},{"taxonomy":"product_tag","embeddable":true,"href":"https:\/\/edicionesdelpais.com\/editorial\/wp-json\/wp\/v2\/product_tag?post=837"}],"curies":[{"name":"wp","href":"https:\/\/api.w.org\/{rel}","templated":true}]}}