{"id":834,"date":"2025-09-23T14:31:13","date_gmt":"2025-09-23T17:31:13","guid":{"rendered":"https:\/\/edicionesdelpais.com\/editorial\/?post_type=product&#038;p=834"},"modified":"2025-12-26T13:52:52","modified_gmt":"2025-12-26T16:52:52","slug":"discapacitados-leyes-complementarias-nacionales-y-de-la-ciudad-de-bs-as","status":"publish","type":"product","link":"https:\/\/edicionesdelpais.com\/editorial\/producto\/discapacitados-leyes-complementarias-nacionales-y-de-la-ciudad-de-bs-as\/","title":{"rendered":"DISCAPACITADOS (Leyes complementarias), (Nacionales y de la Ciudad. de Bs. As.)"},"content":{"rendered":"<h5>DISCAPACITADOS (Leyes complementarias), (Nacionales y de la Ciudad. de Bs. As.)<\/h5>\n<p>Personas con Baja Visi\u00f3n ( Bast\u00f3n Verde ) Ley n\u00b0 25.682<\/p>\n<p>Detecci\u00f3n temprana y atenci\u00f3n de la hipoacusia Ley n\u00b0 25.415<\/p>\n<p>&nbsp;<\/p>\n<p>Legislaci\u00f3n de la ciudad aut\u00f3noma de Buenos Aires<\/p>\n<p>Jubilaciones y Pensiones, R\u00e9gimen especial para minusv\u00e1lidos.<\/p>\n<p>Servicio de telefon\u00eda domiciliaria para personas hipoac\u00fasticas.<\/p>\n<p>Consejo Federal de Discapacidad &#8211; Creaci\u00f3n &#8211; Objetivos.<\/p>\n<h5>Leyes Nros. 19.279, 19.279, 20.475, 20.475, 22.431, 22.431, 22.499, 22.499, 24.183, 24.183, 24.308, 24.308, 24.421, 24.421,<br \/>\n24.657, 24.657, 24.901, 24.901, 25.415, 25.415, 25.682, 25.682, 25.643, 25.643, 25.785, 25.785, 26.653, 26.653, 26.816, 26.816, 26.858. 26.858.<br \/>\nDtos. 4479\/71, 4479\/71, 498\/83, 498\/83, 2630\/90, 2630\/90, 1313\/93, 1313\/93, 914\/97, 914\/97, 1193\/98, 1193\/98, 1393\/03, 1393\/03,<br \/>\n631\/09 (Cdad. de Bs. As.), 1093\/11, 1093\/11, 355\/13, 355\/13, 1771\/15. 1771\/15.<br \/>\nRs. 3711\/93, 3711\/93, 1656\/97, 1656\/97, 1700\/97, 1700\/97, 1953\/97, 1953\/97, 166\/00, 166\/00, 38\/04, 462\/05, 462\/05,<br \/>\n631\/09, 312\/10.<br \/>\nLeyes de la Cidad. de Bs. As. 22, 28, 161, 360, 429, 438, 447, 568,<br \/>\n672, 899, 1.502, 2.363, 2.830<\/h5>\n<h5>28VA Edici\u00f3n ABRIL 2018<\/h5>\n<h5>2da Reimpresi\u00f3n Abril 2023<\/h5>\n<h5>131 p\u00e1ginas.<\/h5>\n<h4><\/h4>\n<h4>Contamos con env\u00edos a todos el Pa\u00eds.<\/h4>\n","protected":false},"excerpt":{"rendered":"<p>DISCAPACITADOS (Leyes complementarias), (Nacionales y de la Ciudad. de Bs. As.) Personas con Baja Visi\u00f3n ( Bast\u00f3n Verde ) Ley n\u00b0 25.682 Detecci\u00f3n temprana y atenci\u00f3n de la hipoacusia Ley n\u00b0 25.415 &nbsp; Legislaci\u00f3n de la ciudad aut\u00f3noma de Buenos Aires Jubilaciones y Pensiones, R\u00e9gimen especial para minusv\u00e1lidos. Servicio de telefon\u00eda domiciliaria para personas hipoac\u00fasticas. [&hellip;]<\/p>\n","protected":false},"featured_media":987,"template":"","meta":[],"product_brand":[],"product_cat":[108,39],"product_tag":[],"class_list":{"0":"post-834","1":"product","2":"type-product","3":"status-publish","4":"has-post-thumbnail","6":"product_cat-familia","7":"product_cat-legislacion","8":"product_shipping_class-mercado-envio","10":"first","11":"instock","12":"shipping-taxable","13":"purchasable","14":"product-type-simple"},"aioseo_notices":[],"_links":{"self":[{"href":"https:\/\/edicionesdelpais.com\/editorial\/wp-json\/wp\/v2\/product\/834","targetHints":{"allow":["GET"]}}],"collection":[{"href":"https:\/\/edicionesdelpais.com\/editorial\/wp-json\/wp\/v2\/product"}],"about":[{"href":"https:\/\/edicionesdelpais.com\/editorial\/wp-json\/wp\/v2\/types\/product"}],"wp:featuredmedia":[{"embeddable":true,"href":"https:\/\/edicionesdelpais.com\/editorial\/wp-json\/wp\/v2\/media\/987"}],"wp:attachment":[{"href":"https:\/\/edicionesdelpais.com\/editorial\/wp-json\/wp\/v2\/media?parent=834"}],"wp:term":[{"taxonomy":"product_brand","embeddable":true,"href":"https:\/\/edicionesdelpais.com\/editorial\/wp-json\/wp\/v2\/product_brand?post=834"},{"taxonomy":"product_cat","embeddable":true,"href":"https:\/\/edicionesdelpais.com\/editorial\/wp-json\/wp\/v2\/product_cat?post=834"},{"taxonomy":"product_tag","embeddable":true,"href":"https:\/\/edicionesdelpais.com\/editorial\/wp-json\/wp\/v2\/product_tag?post=834"}],"curies":[{"name":"wp","href":"https:\/\/api.w.org\/{rel}","templated":true}]}}