{"id":831,"date":"2025-09-23T14:31:13","date_gmt":"2025-09-23T17:31:13","guid":{"rendered":"https:\/\/edicionesdelpais.com\/editorial\/?post_type=product&#038;p=831"},"modified":"2025-11-14T16:41:37","modified_gmt":"2025-11-14T19:41:37","slug":"cooperativas-fundaciones-mutuales-mutuales","status":"publish","type":"product","link":"https:\/\/edicionesdelpais.com\/editorial\/producto\/cooperativas-fundaciones-mutuales-mutuales\/","title":{"rendered":"COOPERATIVAS &#8211; Fundaciones- Mutuales Mutuales."},"content":{"rendered":"<h5>COOPERATIVAS &#8211; Fundaciones- Mutuales Mutuales:<\/h5>\n<h5>Leyes Nros. 19.836, 20.321, 20.337, 24.409, 25.027,<br \/>\nRs. 177\/83, 578\/83, 100\/90, 1858\/99, 2156\/99, 28\/01, 970\/01, 1036\/01,<br \/>\n924\/03, 3034\/03, 4069\/05 INAES.<\/h5>\n<h5>17ma Edici\u00f3n Mayo 2015<\/h5>\n<p>4ta Reimpresi\u00f3n junio 2023<\/p>\n<h5>60 p\u00e1ginas.<\/h5>\n<h4>Contamos con env\u00edos a todos el Pa\u00eds.<\/h4>\n","protected":false},"excerpt":{"rendered":"<p>COOPERATIVAS &#8211; Fundaciones- Mutuales Mutuales: Leyes Nros. 19.836, 20.321, 20.337, 24.409, 25.027, Rs. 177\/83, 578\/83, 100\/90, 1858\/99, 2156\/99, 28\/01, 970\/01, 1036\/01, 924\/03, 3034\/03, 4069\/05 INAES. 17ma Edici\u00f3n Mayo 2015 4ta Reimpresi\u00f3n junio 2023 60 p\u00e1ginas. Contamos con env\u00edos a todos el Pa\u00eds.<\/p>\n","protected":false},"featured_media":984,"template":"","meta":[],"product_brand":[],"product_cat":[69,39,45],"product_tag":[],"class_list":{"0":"post-831","1":"product","2":"type-product","3":"status-publish","4":"has-post-thumbnail","6":"product_cat-comerciales","7":"product_cat-legislacion","8":"product_cat-novedades","9":"product_shipping_class-mercado-envio","11":"first","12":"instock","13":"shipping-taxable","14":"purchasable","15":"product-type-simple"},"aioseo_notices":[],"_links":{"self":[{"href":"https:\/\/edicionesdelpais.com\/editorial\/wp-json\/wp\/v2\/product\/831","targetHints":{"allow":["GET"]}}],"collection":[{"href":"https:\/\/edicionesdelpais.com\/editorial\/wp-json\/wp\/v2\/product"}],"about":[{"href":"https:\/\/edicionesdelpais.com\/editorial\/wp-json\/wp\/v2\/types\/product"}],"wp:featuredmedia":[{"embeddable":true,"href":"https:\/\/edicionesdelpais.com\/editorial\/wp-json\/wp\/v2\/media\/984"}],"wp:attachment":[{"href":"https:\/\/edicionesdelpais.com\/editorial\/wp-json\/wp\/v2\/media?parent=831"}],"wp:term":[{"taxonomy":"product_brand","embeddable":true,"href":"https:\/\/edicionesdelpais.com\/editorial\/wp-json\/wp\/v2\/product_brand?post=831"},{"taxonomy":"product_cat","embeddable":true,"href":"https:\/\/edicionesdelpais.com\/editorial\/wp-json\/wp\/v2\/product_cat?post=831"},{"taxonomy":"product_tag","embeddable":true,"href":"https:\/\/edicionesdelpais.com\/editorial\/wp-json\/wp\/v2\/product_tag?post=831"}],"curies":[{"name":"wp","href":"https:\/\/api.w.org\/{rel}","templated":true}]}}