{"id":825,"date":"2025-09-23T14:31:13","date_gmt":"2025-09-23T17:31:13","guid":{"rendered":"https:\/\/edicionesdelpais.com\/editorial\/?post_type=product&#038;p=825"},"modified":"2025-11-14T16:48:32","modified_gmt":"2025-11-14T19:48:32","slug":"constitucion-de-la-provincia-de-bs-as","status":"publish","type":"product","link":"https:\/\/edicionesdelpais.com\/editorial\/producto\/constitucion-de-la-provincia-de-bs-as\/","title":{"rendered":"CONSTITUCI\u00d3N de la Provincia de Bs. As."},"content":{"rendered":"<h5>CONSTITUCI\u00d3N de la Provincia de Bs. As.<\/h5>\n<p>&nbsp;<\/p>\n<h5>12da Edici\u00f3n Febrero 2007<\/h5>\n<h5>18Va Reimpresi\u00f3n MAYO DE 2025<\/h5>\n<h5>MEDIDAS: 24 X 17 CM\u00a0 \u00a0 35 P\u00c1GINAS<\/h5>\n<h4><\/h4>\n<h4>USTED PODR\u00c1 CONSULTAR Y DESCARGAR LAS ACTUALIZACIONES VIGENTES.<\/h4>\n<h4>TODOS NUESTROS LIBROS CUENTAN CON ESTE BENEFICIO.<\/h4>\n<h4><a href=\"http:\/\/edicionesdelpais.com\/editorial\/mi-cuenta\/actualizaciones-editorial\/\">http:\/\/edicionesdelpais.com\/editorial\/mi-cuenta\/actualizaciones-editorial\/<\/a><\/h4>\n<h4>Contamos con env\u00edos a todos el Pa\u00eds.<\/h4>\n","protected":false},"excerpt":{"rendered":"<p>CONSTITUCI\u00d3N de la Provincia de Bs. As. &nbsp; 12da Edici\u00f3n Febrero 2007 18Va Reimpresi\u00f3n MAYO DE 2025 MEDIDAS: 24 X 17 CM\u00a0 \u00a0 35 P\u00c1GINAS USTED PODR\u00c1 CONSULTAR Y DESCARGAR LAS ACTUALIZACIONES VIGENTES. TODOS NUESTROS LIBROS CUENTAN CON ESTE BENEFICIO. http:\/\/edicionesdelpais.com\/editorial\/mi-cuenta\/actualizaciones-editorial\/ Contamos con env\u00edos a todos el Pa\u00eds.<\/p>\n","protected":false},"featured_media":978,"template":"","meta":[],"product_brand":[],"product_cat":[87,102],"product_tag":[],"class_list":{"0":"post-825","1":"product","2":"type-product","3":"status-publish","4":"has-post-thumbnail","6":"product_cat-constituciones","7":"product_cat-provincia","8":"product_shipping_class-mercado-envio","10":"first","11":"instock","12":"shipping-taxable","13":"purchasable","14":"product-type-simple"},"aioseo_notices":[],"_links":{"self":[{"href":"https:\/\/edicionesdelpais.com\/editorial\/wp-json\/wp\/v2\/product\/825","targetHints":{"allow":["GET"]}}],"collection":[{"href":"https:\/\/edicionesdelpais.com\/editorial\/wp-json\/wp\/v2\/product"}],"about":[{"href":"https:\/\/edicionesdelpais.com\/editorial\/wp-json\/wp\/v2\/types\/product"}],"wp:featuredmedia":[{"embeddable":true,"href":"https:\/\/edicionesdelpais.com\/editorial\/wp-json\/wp\/v2\/media\/978"}],"wp:attachment":[{"href":"https:\/\/edicionesdelpais.com\/editorial\/wp-json\/wp\/v2\/media?parent=825"}],"wp:term":[{"taxonomy":"product_brand","embeddable":true,"href":"https:\/\/edicionesdelpais.com\/editorial\/wp-json\/wp\/v2\/product_brand?post=825"},{"taxonomy":"product_cat","embeddable":true,"href":"https:\/\/edicionesdelpais.com\/editorial\/wp-json\/wp\/v2\/product_cat?post=825"},{"taxonomy":"product_tag","embeddable":true,"href":"https:\/\/edicionesdelpais.com\/editorial\/wp-json\/wp\/v2\/product_tag?post=825"}],"curies":[{"name":"wp","href":"https:\/\/api.w.org\/{rel}","templated":true}]}}