{"id":813,"date":"2025-09-23T14:31:12","date_gmt":"2025-09-23T17:31:12","guid":{"rendered":"https:\/\/edicionesdelpais.com\/editorial\/?post_type=product&#038;p=813"},"modified":"2025-12-02T22:54:16","modified_gmt":"2025-12-03T01:54:16","slug":"codigo-procesal-penal-prov-de-buenos-aires-con-leyes-complementarias-edicion-bolsillo","status":"publish","type":"product","link":"https:\/\/edicionesdelpais.com\/editorial\/producto\/codigo-procesal-penal-prov-de-buenos-aires-con-leyes-complementarias-edicion-bolsillo\/","title":{"rendered":"C\u00d3DIGO PROCESAL PENAL, Prov. de Buenos Aires con Leyes Complementarias ( Edici\u00f3n Bolsillo )"},"content":{"rendered":"<p>C\u00d3DIGO PROCESAL PENAL, Prov. de Buenos Aires Leyes con leyes Complementarias ( Edici\u00f3n Bolsillo )<\/p>\n<h5>\u00a0Edici\u00f3n 2025<\/h5>\n<h5><\/h5>\n<h5>MEDIDAS:\u00a0 19 X 14 CM\u00a0 \u00a0320 P\u00c1GINAS<\/h5>\n<h4>CONTAMOS CON ENV\u00cdOS A TODOS EL PA\u00cdS.<\/h4>\n","protected":false},"excerpt":{"rendered":"<p>C\u00d3DIGO PROCESAL PENAL, Prov. de Buenos Aires Leyes con leyes Complementarias ( Edici\u00f3n Bolsillo ) \u00a0Edici\u00f3n 2025 MEDIDAS:\u00a0 19 X 14 CM\u00a0 \u00a0320 P\u00c1GINAS CONTAMOS CON ENV\u00cdOS A TODOS EL PA\u00cdS.<\/p>\n","protected":false},"featured_media":945,"template":"","meta":[],"product_brand":[],"product_cat":[72,60,84],"product_tag":[],"class_list":{"0":"post-813","1":"product","2":"type-product","3":"status-publish","4":"has-post-thumbnail","6":"product_cat-codigos","7":"product_cat-promociones-juridicas","8":"product_cat-prov-buenos-aires","9":"product_shipping_class-mercado-envio","11":"first","12":"instock","13":"shipping-taxable","14":"purchasable","15":"product-type-simple"},"aioseo_notices":[],"_links":{"self":[{"href":"https:\/\/edicionesdelpais.com\/editorial\/wp-json\/wp\/v2\/product\/813","targetHints":{"allow":["GET"]}}],"collection":[{"href":"https:\/\/edicionesdelpais.com\/editorial\/wp-json\/wp\/v2\/product"}],"about":[{"href":"https:\/\/edicionesdelpais.com\/editorial\/wp-json\/wp\/v2\/types\/product"}],"wp:featuredmedia":[{"embeddable":true,"href":"https:\/\/edicionesdelpais.com\/editorial\/wp-json\/wp\/v2\/media\/945"}],"wp:attachment":[{"href":"https:\/\/edicionesdelpais.com\/editorial\/wp-json\/wp\/v2\/media?parent=813"}],"wp:term":[{"taxonomy":"product_brand","embeddable":true,"href":"https:\/\/edicionesdelpais.com\/editorial\/wp-json\/wp\/v2\/product_brand?post=813"},{"taxonomy":"product_cat","embeddable":true,"href":"https:\/\/edicionesdelpais.com\/editorial\/wp-json\/wp\/v2\/product_cat?post=813"},{"taxonomy":"product_tag","embeddable":true,"href":"https:\/\/edicionesdelpais.com\/editorial\/wp-json\/wp\/v2\/product_tag?post=813"}],"curies":[{"name":"wp","href":"https:\/\/api.w.org\/{rel}","templated":true}]}}