{"id":804,"date":"2025-09-23T14:31:12","date_gmt":"2025-09-23T17:31:12","guid":{"rendered":"https:\/\/edicionesdelpais.com\/editorial\/?post_type=product&#038;p=804"},"modified":"2026-02-24T15:49:55","modified_gmt":"2026-02-24T18:49:55","slug":"codigo-procesal-civil-y-comercial-nacion-leyes-complementarias-edicion-pocket","status":"publish","type":"product","link":"https:\/\/edicionesdelpais.com\/editorial\/producto\/codigo-procesal-civil-y-comercial-nacion-leyes-complementarias-edicion-pocket\/","title":{"rendered":"C\u00d3DIGO PROCESAL CIVIL Y COMERCIAL NACI\u00d3N, LEYES COMPLEMENTARIAS (EDICI\u00d3N POCKET)"},"content":{"rendered":"<h5>C\u00d3DIGO PROCESAL CIVIL Y COMERCIAL NACI\u00d3N, LEYES COMPLEMENTARIAS ( EDICI\u00d3N POCKET)<\/h5>\n<h5>\u00a0EDICI\u00d3N 2026<\/h5>\n<h5>MEDIDAS: 19 X 14 CM\u00a0 \u00a0184 P\u00c1GINAS<\/h5>\n<h4><\/h4>\n<h4>CONTAMOS CON ENV\u00cdOS A TODOS EL PA\u00cdS.<\/h4>\n","protected":false},"excerpt":{"rendered":"<p>C\u00d3DIGO PROCESAL CIVIL Y COMERCIAL NACI\u00d3N, LEYES COMPLEMENTARIAS ( EDICI\u00d3N POCKET) \u00a0EDICI\u00d3N 2026 MEDIDAS: 19 X 14 CM\u00a0 \u00a0184 P\u00c1GINAS CONTAMOS CON ENV\u00cdOS A TODOS EL PA\u00cdS.<\/p>\n","protected":false},"featured_media":936,"template":"","meta":[],"product_brand":[],"product_cat":[72,75],"product_tag":[],"class_list":{"0":"post-804","1":"product","2":"type-product","3":"status-publish","4":"has-post-thumbnail","6":"product_cat-codigos","7":"product_cat-nacionales","8":"product_shipping_class-mercado-envio","10":"first","11":"instock","12":"shipping-taxable","13":"purchasable","14":"product-type-simple"},"aioseo_notices":[],"_links":{"self":[{"href":"https:\/\/edicionesdelpais.com\/editorial\/wp-json\/wp\/v2\/product\/804","targetHints":{"allow":["GET"]}}],"collection":[{"href":"https:\/\/edicionesdelpais.com\/editorial\/wp-json\/wp\/v2\/product"}],"about":[{"href":"https:\/\/edicionesdelpais.com\/editorial\/wp-json\/wp\/v2\/types\/product"}],"wp:featuredmedia":[{"embeddable":true,"href":"https:\/\/edicionesdelpais.com\/editorial\/wp-json\/wp\/v2\/media\/936"}],"wp:attachment":[{"href":"https:\/\/edicionesdelpais.com\/editorial\/wp-json\/wp\/v2\/media?parent=804"}],"wp:term":[{"taxonomy":"product_brand","embeddable":true,"href":"https:\/\/edicionesdelpais.com\/editorial\/wp-json\/wp\/v2\/product_brand?post=804"},{"taxonomy":"product_cat","embeddable":true,"href":"https:\/\/edicionesdelpais.com\/editorial\/wp-json\/wp\/v2\/product_cat?post=804"},{"taxonomy":"product_tag","embeddable":true,"href":"https:\/\/edicionesdelpais.com\/editorial\/wp-json\/wp\/v2\/product_tag?post=804"}],"curies":[{"name":"wp","href":"https:\/\/api.w.org\/{rel}","templated":true}]}}