{"id":801,"date":"2025-09-23T14:31:12","date_gmt":"2025-09-23T17:31:12","guid":{"rendered":"https:\/\/edicionesdelpais.com\/editorial\/?post_type=product&#038;p=801"},"modified":"2025-11-17T12:56:09","modified_gmt":"2025-11-17T15:56:09","slug":"codigo-procesal-civil-y-comercial-nacion-leyes-complementarias","status":"publish","type":"product","link":"https:\/\/edicionesdelpais.com\/editorial\/producto\/codigo-procesal-civil-y-comercial-nacion-leyes-complementarias\/","title":{"rendered":"C\u00d3DIGO PROCESAL CIVIL Y COMERCIAL NACI\u00d3N, LEYES COMPLEMENTARIAS."},"content":{"rendered":"<h5>C\u00d3DIGO PROCESAL CIVIL Y COMERCIAL NACI\u00d3N, LEYES COMPLEMENTARIAS.<\/h5>\n<h5><\/h5>\n<p><a href=\"http:\/\/edicionesdelpais.com\/editorial\/wp-content\/uploads\/2019\/03\/CPCCn_INDICES.pdf\">CPCCn_INDICES<\/a><\/p>\n<h5>\u00a032DA EDICI\u00d3N OCTUBRE 2020.<\/h5>\n<p>5ta. Reimpresi\u00f3n Junio de 2025.<\/p>\n<h5>MEDIDAS: 24 X 17 CM\u00a0 \u00a0184 P\u00c1GINAS<\/h5>\n<h4><\/h4>\n<h4>CONTAMOS CON ENV\u00cdOS A TODOS EL PA\u00cdS.<\/h4>\n","protected":false},"excerpt":{"rendered":"<p>C\u00d3DIGO PROCESAL CIVIL Y COMERCIAL NACI\u00d3N, LEYES COMPLEMENTARIAS. CPCCn_INDICES \u00a032DA EDICI\u00d3N OCTUBRE 2020. 5ta. Reimpresi\u00f3n Junio de 2025. MEDIDAS: 24 X 17 CM\u00a0 \u00a0184 P\u00c1GINAS CONTAMOS CON ENV\u00cdOS A TODOS EL PA\u00cdS.<\/p>\n","protected":false},"featured_media":933,"template":"","meta":[],"product_brand":[],"product_cat":[72,75,45],"product_tag":[],"class_list":{"0":"post-801","1":"product","2":"type-product","3":"status-publish","4":"has-post-thumbnail","6":"product_cat-codigos","7":"product_cat-nacionales","8":"product_cat-novedades","9":"product_shipping_class-mercado-envio","11":"first","12":"instock","13":"shipping-taxable","14":"purchasable","15":"product-type-simple"},"aioseo_notices":[],"_links":{"self":[{"href":"https:\/\/edicionesdelpais.com\/editorial\/wp-json\/wp\/v2\/product\/801","targetHints":{"allow":["GET"]}}],"collection":[{"href":"https:\/\/edicionesdelpais.com\/editorial\/wp-json\/wp\/v2\/product"}],"about":[{"href":"https:\/\/edicionesdelpais.com\/editorial\/wp-json\/wp\/v2\/types\/product"}],"wp:featuredmedia":[{"embeddable":true,"href":"https:\/\/edicionesdelpais.com\/editorial\/wp-json\/wp\/v2\/media\/933"}],"wp:attachment":[{"href":"https:\/\/edicionesdelpais.com\/editorial\/wp-json\/wp\/v2\/media?parent=801"}],"wp:term":[{"taxonomy":"product_brand","embeddable":true,"href":"https:\/\/edicionesdelpais.com\/editorial\/wp-json\/wp\/v2\/product_brand?post=801"},{"taxonomy":"product_cat","embeddable":true,"href":"https:\/\/edicionesdelpais.com\/editorial\/wp-json\/wp\/v2\/product_cat?post=801"},{"taxonomy":"product_tag","embeddable":true,"href":"https:\/\/edicionesdelpais.com\/editorial\/wp-json\/wp\/v2\/product_tag?post=801"}],"curies":[{"name":"wp","href":"https:\/\/api.w.org\/{rel}","templated":true}]}}