{"id":798,"date":"2025-09-23T14:31:12","date_gmt":"2025-09-23T17:31:12","guid":{"rendered":"https:\/\/edicionesdelpais.com\/editorial\/?post_type=product&#038;p=798"},"modified":"2026-03-03T14:09:14","modified_gmt":"2026-03-03T17:09:14","slug":"codigo-penal-leyes-complementarias-pocket","status":"publish","type":"product","link":"https:\/\/edicionesdelpais.com\/editorial\/producto\/codigo-penal-leyes-complementarias-pocket\/","title":{"rendered":"C\u00d3DIGO PENAL, LEYES COMPLEMENTARIAS ( Pocket)"},"content":{"rendered":"<h5>C\u00d3DIGO PENAL, LEYES COMPLEMENTARIAS ( EDICI\u00d3N BOLSILLO)<\/h5>\n<h5>Publicaci\u00f3n 2026<\/h5>\n<p>&nbsp;<\/p>\n<h5>MEDIDAS: 19 X 14 CM\u00a0 \u00a0407 P\u00c1GINAS<\/h5>\n<h4><\/h4>\n<h4>CONTAMOS CON ENV\u00cdOS A TODOS EL PA\u00cdS.<\/h4>\n","protected":false},"excerpt":{"rendered":"<p>C\u00d3DIGO PENAL, LEYES COMPLEMENTARIAS ( EDICI\u00d3N BOLSILLO) Publicaci\u00f3n 2026 &nbsp; MEDIDAS: 19 X 14 CM\u00a0 \u00a0407 P\u00c1GINAS CONTAMOS CON ENV\u00cdOS A TODOS EL PA\u00cdS.<\/p>\n","protected":false},"featured_media":930,"template":"","meta":[],"product_brand":[],"product_cat":[72,75,45,60],"product_tag":[],"class_list":{"0":"post-798","1":"product","2":"type-product","3":"status-publish","4":"has-post-thumbnail","6":"product_cat-codigos","7":"product_cat-nacionales","8":"product_cat-novedades","9":"product_cat-promociones-juridicas","10":"product_shipping_class-mercado-envio","12":"first","13":"instock","14":"shipping-taxable","15":"purchasable","16":"product-type-simple"},"aioseo_notices":[],"_links":{"self":[{"href":"https:\/\/edicionesdelpais.com\/editorial\/wp-json\/wp\/v2\/product\/798","targetHints":{"allow":["GET"]}}],"collection":[{"href":"https:\/\/edicionesdelpais.com\/editorial\/wp-json\/wp\/v2\/product"}],"about":[{"href":"https:\/\/edicionesdelpais.com\/editorial\/wp-json\/wp\/v2\/types\/product"}],"wp:featuredmedia":[{"embeddable":true,"href":"https:\/\/edicionesdelpais.com\/editorial\/wp-json\/wp\/v2\/media\/930"}],"wp:attachment":[{"href":"https:\/\/edicionesdelpais.com\/editorial\/wp-json\/wp\/v2\/media?parent=798"}],"wp:term":[{"taxonomy":"product_brand","embeddable":true,"href":"https:\/\/edicionesdelpais.com\/editorial\/wp-json\/wp\/v2\/product_brand?post=798"},{"taxonomy":"product_cat","embeddable":true,"href":"https:\/\/edicionesdelpais.com\/editorial\/wp-json\/wp\/v2\/product_cat?post=798"},{"taxonomy":"product_tag","embeddable":true,"href":"https:\/\/edicionesdelpais.com\/editorial\/wp-json\/wp\/v2\/product_tag?post=798"}],"curies":[{"name":"wp","href":"https:\/\/api.w.org\/{rel}","templated":true}]}}