{"id":792,"date":"2025-09-23T14:31:12","date_gmt":"2025-09-23T17:31:12","guid":{"rendered":"https:\/\/edicionesdelpais.com\/editorial\/?post_type=product&#038;p=792"},"modified":"2026-03-16T21:08:26","modified_gmt":"2026-03-17T00:08:26","slug":"codigo-penal-x-4-nacion-y-provincia-completo","status":"publish","type":"product","link":"https:\/\/edicionesdelpais.com\/editorial\/producto\/codigo-penal-x-4-nacion-y-provincia-completo\/","title":{"rendered":"C\u00d3DIGO PENAL X 4 (NACI\u00d3N Y PROVINCIA COMPLETO)"},"content":{"rendered":"<h4 style=\"text-align: left;padding-left: 40px\">C\u00d3DIGO PENAL, PROCESAL PENAL ( NACI\u00d3N Y PROV. DE BS. AS) CONSTITUCI\u00d3N NACIONAL, TRATADOS INTERNACIONALES Y LEYES COMPLEMENTARIAS.<\/h4>\n<h5><a href=\"http:\/\/edicionesdelpais.com\/editorial\/wp-content\/uploads\/2019\/03\/CODIGO-X-4_INDICE.pdf\">CODIGO X 4_INDICE<\/a><\/h5>\n<p>50ta. Edici\u00f3n abril\u00a0 de 2025<\/p>\n<h5>1RA REIMPRESI\u00d3N AGOSTO 2025<\/h5>\n<h5>MEDIDAS: 24 X 17 CM\u00a0 \u00a0816 P\u00c1GINAS<\/h5>\n<h4><\/h4>\n<h4>CONTAMOS CON ENV\u00cdOS A TODOS EL PA\u00cdS.<\/h4>\n","protected":false},"excerpt":{"rendered":"<p>C\u00d3DIGO PENAL, PROCESAL PENAL ( NACI\u00d3N Y PROV. DE BS. AS) CONSTITUCI\u00d3N NACIONAL, TRATADOS INTERNACIONALES Y LEYES COMPLEMENTARIAS. CODIGO X 4_INDICE 50ta. Edici\u00f3n abril\u00a0 de 2025 1RA REIMPRESI\u00d3N AGOSTO 2025 MEDIDAS: 24 X 17 CM\u00a0 \u00a0816 P\u00c1GINAS CONTAMOS CON ENV\u00cdOS A TODOS EL PA\u00cdS.<\/p>\n","protected":false},"featured_media":882,"template":"","meta":[],"product_brand":[],"product_cat":[72,90,87,75,45,84],"product_tag":[],"class_list":{"0":"post-792","1":"product","2":"type-product","3":"status-publish","4":"has-post-thumbnail","6":"product_cat-codigos","7":"product_cat-con-tratados","8":"product_cat-constituciones","9":"product_cat-nacionales","10":"product_cat-novedades","11":"product_cat-prov-buenos-aires","12":"product_shipping_class-mercado-envio","14":"first","15":"instock","16":"shipping-taxable","17":"purchasable","18":"product-type-simple"},"aioseo_notices":[],"_links":{"self":[{"href":"https:\/\/edicionesdelpais.com\/editorial\/wp-json\/wp\/v2\/product\/792","targetHints":{"allow":["GET"]}}],"collection":[{"href":"https:\/\/edicionesdelpais.com\/editorial\/wp-json\/wp\/v2\/product"}],"about":[{"href":"https:\/\/edicionesdelpais.com\/editorial\/wp-json\/wp\/v2\/types\/product"}],"wp:featuredmedia":[{"embeddable":true,"href":"https:\/\/edicionesdelpais.com\/editorial\/wp-json\/wp\/v2\/media\/882"}],"wp:attachment":[{"href":"https:\/\/edicionesdelpais.com\/editorial\/wp-json\/wp\/v2\/media?parent=792"}],"wp:term":[{"taxonomy":"product_brand","embeddable":true,"href":"https:\/\/edicionesdelpais.com\/editorial\/wp-json\/wp\/v2\/product_brand?post=792"},{"taxonomy":"product_cat","embeddable":true,"href":"https:\/\/edicionesdelpais.com\/editorial\/wp-json\/wp\/v2\/product_cat?post=792"},{"taxonomy":"product_tag","embeddable":true,"href":"https:\/\/edicionesdelpais.com\/editorial\/wp-json\/wp\/v2\/product_tag?post=792"}],"curies":[{"name":"wp","href":"https:\/\/api.w.org\/{rel}","templated":true}]}}