{"id":789,"date":"2025-09-23T14:31:12","date_gmt":"2025-09-23T17:31:12","guid":{"rendered":"https:\/\/edicionesdelpais.com\/editorial\/?post_type=product&#038;p=789"},"modified":"2025-11-17T12:46:55","modified_gmt":"2025-11-17T15:46:55","slug":"codigo-electoral-nacion-y-prov-de-bs-as","status":"publish","type":"product","link":"https:\/\/edicionesdelpais.com\/editorial\/producto\/codigo-electoral-nacion-y-prov-de-bs-as\/","title":{"rendered":"C\u00d3DIGO ELECTORAL( NACI\u00d3N Y PROV. DE BS. AS)"},"content":{"rendered":"<h5>C\u00d3DIGO ELECTORAL( NACI\u00d3N Y PROV. DE BS. AS) LEY ORG\u00c1NICA DE LOS PARTIDOS POL\u00cdTICOS. FINANCIAMIENTO, VOTO DE EXTRANJEROS, ETC.<\/h5>\n<h5><\/h5>\n<h5>12da Edici\u00f3n junio de 2019<\/h5>\n<h5><a href=\"http:\/\/edicionesdelpais.com\/editorial\/wp-content\/uploads\/2019\/03\/ELECTORAL_INDICE-1.pdf\">ELECTORAL_INDICE<\/a><\/h5>\n<p>MEDIDAS: 24 X 17 CM\u00a0 \u00a0156 P\u00c1GINAS<\/p>\n<h4><\/h4>\n<h4>USTED PODR\u00c1 CONSULTAR Y DESCARGAR LAS ACTUALIZACIONES VIGENTES.<\/h4>\n<h4>TODOS NUESTROS LIBROS CUENTAN CON ESTE BENEFICIO.<\/h4>\n<h4>http:\/\/edicionesdelpais.com\/editorial\/mi-cuenta\/<\/h4>\n<h4>Contamos con env\u00edos a todos el Pa\u00eds.<\/h4>\n","protected":false},"excerpt":{"rendered":"<p>C\u00d3DIGO ELECTORAL( NACI\u00d3N Y PROV. DE BS. AS) LEY ORG\u00c1NICA DE LOS PARTIDOS POL\u00cdTICOS. FINANCIAMIENTO, VOTO DE EXTRANJEROS, ETC. 12da Edici\u00f3n junio de 2019 ELECTORAL_INDICE MEDIDAS: 24 X 17 CM\u00a0 \u00a0156 P\u00c1GINAS USTED PODR\u00c1 CONSULTAR Y DESCARGAR LAS ACTUALIZACIONES VIGENTES. TODOS NUESTROS LIBROS CUENTAN CON ESTE BENEFICIO. http:\/\/edicionesdelpais.com\/editorial\/mi-cuenta\/ Contamos con env\u00edos a todos el Pa\u00eds.<\/p>\n","protected":false},"featured_media":879,"template":"","meta":[],"product_brand":[],"product_cat":[72,75,84],"product_tag":[],"class_list":{"0":"post-789","1":"product","2":"type-product","3":"status-publish","4":"has-post-thumbnail","6":"product_cat-codigos","7":"product_cat-nacionales","8":"product_cat-prov-buenos-aires","9":"product_shipping_class-mercado-envio","11":"first","12":"instock","13":"shipping-taxable","14":"purchasable","15":"product-type-simple"},"aioseo_notices":[],"_links":{"self":[{"href":"https:\/\/edicionesdelpais.com\/editorial\/wp-json\/wp\/v2\/product\/789","targetHints":{"allow":["GET"]}}],"collection":[{"href":"https:\/\/edicionesdelpais.com\/editorial\/wp-json\/wp\/v2\/product"}],"about":[{"href":"https:\/\/edicionesdelpais.com\/editorial\/wp-json\/wp\/v2\/types\/product"}],"wp:featuredmedia":[{"embeddable":true,"href":"https:\/\/edicionesdelpais.com\/editorial\/wp-json\/wp\/v2\/media\/879"}],"wp:attachment":[{"href":"https:\/\/edicionesdelpais.com\/editorial\/wp-json\/wp\/v2\/media?parent=789"}],"wp:term":[{"taxonomy":"product_brand","embeddable":true,"href":"https:\/\/edicionesdelpais.com\/editorial\/wp-json\/wp\/v2\/product_brand?post=789"},{"taxonomy":"product_cat","embeddable":true,"href":"https:\/\/edicionesdelpais.com\/editorial\/wp-json\/wp\/v2\/product_cat?post=789"},{"taxonomy":"product_tag","embeddable":true,"href":"https:\/\/edicionesdelpais.com\/editorial\/wp-json\/wp\/v2\/product_tag?post=789"}],"curies":[{"name":"wp","href":"https:\/\/api.w.org\/{rel}","templated":true}]}}