{"id":783,"date":"2025-09-23T14:31:12","date_gmt":"2025-09-23T17:31:12","guid":{"rendered":"https:\/\/edicionesdelpais.com\/editorial\/?post_type=product&#038;p=783"},"modified":"2025-11-17T12:39:36","modified_gmt":"2025-11-17T15:39:36","slug":"codigo-de-transito-provincia-de-buenos-aires-c-senales-viales","status":"publish","type":"product","link":"https:\/\/edicionesdelpais.com\/editorial\/producto\/codigo-de-transito-provincia-de-buenos-aires-c-senales-viales\/","title":{"rendered":"C\u00d3DIGO DE TR\u00c1NSITO PROVINCIA DE BUENOS AIRES c\/Se\u00f1ales Viales"},"content":{"rendered":"<p style=\"text-align: left\">C\u00d3DIGO DE TR\u00c1NSITO PROVINCIA DE BUENOS AIRES c\/Se\u00f1ales Viales<\/p>\n<p>Leyes Nros. 12.152, 12.391, 12.458,\u00a0 13.927, 24.449, 26.353, 26.363 .<br \/>\nDtos. 4103\/95, 1159\/99, 88\/07, 532\/09 (PBA), 437\/11.<\/p>\n<h5><\/h5>\n<h5>26ta Edici\u00f3n Agosto de 2023 . 1era reimpresi\u00f3n Junio 2025<\/h5>\n<h5>se\u00f1ales viales full color.<\/h5>\n<p><strong>Indice del Libro:\u00a0<a href=\"http:\/\/edicionesdelpais.com\/editorial\/wp-content\/uploads\/2019\/03\/TRANSITO-PROVINCIA_INDICE.pdf\">TRANSITO PROVINCIA_INDICE<\/a><\/strong><\/p>\n<h5><\/h5>\n<h5>USTED PODR\u00c1 CONSULTAR Y DESCARGAR LAS ACTUALIZACIONES VIGENTES.<\/h5>\n<h5>TODOS NUESTROS LIBROS CUENTAN CON ESTE BENEFICIO.<\/h5>\n<h4>ENV\u00cdOS A TODO EL PA\u00cdS<\/h4>\n","protected":false},"excerpt":{"rendered":"<p>C\u00d3DIGO DE TR\u00c1NSITO PROVINCIA DE BUENOS AIRES c\/Se\u00f1ales Viales Leyes Nros. 12.152, 12.391, 12.458,\u00a0 13.927, 24.449, 26.353, 26.363 . Dtos. 4103\/95, 1159\/99, 88\/07, 532\/09 (PBA), 437\/11. 26ta Edici\u00f3n Agosto de 2023 . 1era reimpresi\u00f3n Junio 2025 se\u00f1ales viales full color. Indice del Libro:\u00a0TRANSITO PROVINCIA_INDICE USTED PODR\u00c1 CONSULTAR Y DESCARGAR LAS ACTUALIZACIONES VIGENTES. TODOS NUESTROS LIBROS [&hellip;]<\/p>\n","protected":false},"featured_media":873,"template":"","meta":[],"product_brand":[],"product_cat":[39,45,78],"product_tag":[],"class_list":{"0":"post-783","1":"product","2":"type-product","3":"status-publish","4":"has-post-thumbnail","6":"product_cat-legislacion","7":"product_cat-novedades","8":"product_cat-transito","9":"product_shipping_class-mercado-envio","11":"first","12":"instock","13":"shipping-taxable","14":"purchasable","15":"product-type-simple"},"aioseo_notices":[],"_links":{"self":[{"href":"https:\/\/edicionesdelpais.com\/editorial\/wp-json\/wp\/v2\/product\/783","targetHints":{"allow":["GET"]}}],"collection":[{"href":"https:\/\/edicionesdelpais.com\/editorial\/wp-json\/wp\/v2\/product"}],"about":[{"href":"https:\/\/edicionesdelpais.com\/editorial\/wp-json\/wp\/v2\/types\/product"}],"wp:featuredmedia":[{"embeddable":true,"href":"https:\/\/edicionesdelpais.com\/editorial\/wp-json\/wp\/v2\/media\/873"}],"wp:attachment":[{"href":"https:\/\/edicionesdelpais.com\/editorial\/wp-json\/wp\/v2\/media?parent=783"}],"wp:term":[{"taxonomy":"product_brand","embeddable":true,"href":"https:\/\/edicionesdelpais.com\/editorial\/wp-json\/wp\/v2\/product_brand?post=783"},{"taxonomy":"product_cat","embeddable":true,"href":"https:\/\/edicionesdelpais.com\/editorial\/wp-json\/wp\/v2\/product_cat?post=783"},{"taxonomy":"product_tag","embeddable":true,"href":"https:\/\/edicionesdelpais.com\/editorial\/wp-json\/wp\/v2\/product_tag?post=783"}],"curies":[{"name":"wp","href":"https:\/\/api.w.org\/{rel}","templated":true}]}}