{"id":756,"date":"2025-09-23T14:31:11","date_gmt":"2025-09-23T17:31:11","guid":{"rendered":"https:\/\/edicionesdelpais.com\/editorial\/?post_type=product&#038;p=756"},"modified":"2026-03-12T11:38:59","modified_gmt":"2026-03-12T14:38:59","slug":"accidentes-de-trabajo-riesgos-del-trabajo","status":"publish","type":"product","link":"https:\/\/edicionesdelpais.com\/editorial\/producto\/accidentes-de-trabajo-riesgos-del-trabajo\/","title":{"rendered":"Nueva Ley de ACCIDENTES DE TRABAJO (Riesgos del Trabajo)"},"content":{"rendered":"<p><strong>ACCIDENTES DE TRABAJO\u00a0 (Riesgos del Trabajo)<\/strong><\/p>\n<p style=\"font-weight: 400\">25ta. Edici\u00f3n Marzo de 2025<\/p>\n<h4>Medidas: 24 x 17 cm\u00a0 \u00a072 p\u00e1ginas<\/h4>\n<h4><\/h4>\n<h4>Contamos con env\u00edos a todos el Pa\u00eds.<\/h4>\n","protected":false},"excerpt":{"rendered":"<p>ACCIDENTES DE TRABAJO\u00a0 (Riesgos del Trabajo) 25ta. Edici\u00f3n Marzo de 2025 Medidas: 24 x 17 cm\u00a0 \u00a072 p\u00e1ginas Contamos con env\u00edos a todos el Pa\u00eds.<\/p>\n","protected":false},"featured_media":1984,"template":"","meta":[],"product_brand":[],"product_cat":[51,39,45],"product_tag":[],"class_list":{"0":"post-756","1":"product","2":"type-product","3":"status-publish","4":"has-post-thumbnail","6":"product_cat-laborales","7":"product_cat-legislacion","8":"product_cat-novedades","9":"product_shipping_class-mercado-envio","11":"first","12":"instock","13":"shipping-taxable","14":"purchasable","15":"product-type-simple"},"aioseo_notices":[],"_links":{"self":[{"href":"https:\/\/edicionesdelpais.com\/editorial\/wp-json\/wp\/v2\/product\/756","targetHints":{"allow":["GET"]}}],"collection":[{"href":"https:\/\/edicionesdelpais.com\/editorial\/wp-json\/wp\/v2\/product"}],"about":[{"href":"https:\/\/edicionesdelpais.com\/editorial\/wp-json\/wp\/v2\/types\/product"}],"wp:featuredmedia":[{"embeddable":true,"href":"https:\/\/edicionesdelpais.com\/editorial\/wp-json\/wp\/v2\/media\/1984"}],"wp:attachment":[{"href":"https:\/\/edicionesdelpais.com\/editorial\/wp-json\/wp\/v2\/media?parent=756"}],"wp:term":[{"taxonomy":"product_brand","embeddable":true,"href":"https:\/\/edicionesdelpais.com\/editorial\/wp-json\/wp\/v2\/product_brand?post=756"},{"taxonomy":"product_cat","embeddable":true,"href":"https:\/\/edicionesdelpais.com\/editorial\/wp-json\/wp\/v2\/product_cat?post=756"},{"taxonomy":"product_tag","embeddable":true,"href":"https:\/\/edicionesdelpais.com\/editorial\/wp-json\/wp\/v2\/product_tag?post=756"}],"curies":[{"name":"wp","href":"https:\/\/api.w.org\/{rel}","templated":true}]}}