{"id":753,"date":"2025-09-23T14:31:11","date_gmt":"2025-09-23T17:31:11","guid":{"rendered":"https:\/\/edicionesdelpais.com\/editorial\/?post_type=product&#038;p=753"},"modified":"2026-03-16T21:08:26","modified_gmt":"2026-03-17T00:08:26","slug":"leyes-administrativas","status":"publish","type":"product","link":"https:\/\/edicionesdelpais.com\/editorial\/producto\/leyes-administrativas\/","title":{"rendered":"LEYES ADMINISTRATIVAS"},"content":{"rendered":"<blockquote><p><strong>LEYES ADMINISTRATIVAS<\/strong><\/p><\/blockquote>\n<p>Proc. Admin. &#8211; Servidumbre de Electroducto &#8211; Proc. Admin. Municipal<br \/>\n(Ciudad de Bs. As.) &#8211; Expropiaciones &#8211; Tribunal de Tasaci\u00f3n de la Naci\u00f3n &#8211;<br \/>\nCompre Argentino &#8211; Emergencia Econ\u00f3mica &#8211; Administraci\u00f3n Financiera<br \/>\ny Sistemas de Control P\u00fablico Nac. &#8211; Contabilidad &#8211; Recursos P\u00fablicos &#8211;<br \/>\nContrataciones del Estado &#8211; Venta de Inmuebles del Estado &#8211; Escriban\u00eda<br \/>\nGral. de Gobierno &#8211; Empresas del Estado &#8211; Sociedades Comerciales<br \/>\n(Part. Pert.) &#8211; Sociedades del Estado &#8211; Sociedades de Econom\u00eda mixta &#8211;<br \/>\nDemandas Contra la Naci\u00f3n &#8211; Cuerpo de Abogados del Estado &#8211; Defensor<br \/>\ndel Pueblo &#8211; Empleo P\u00fablico &#8211; Obras P\u00fablicas &#8211; Seguros de Cauci\u00f3n &#8211;<br \/>\nReforma del Estado &#8211;\u00a0\u00c9tica P\u00fablica &#8211; Ministerio P\u00fablico &#8211; Reducci\u00f3n<br \/>\nde Haberes &#8211; Etc.<\/p>\n<p>INDICE:\u00a0<a href=\"http:\/\/edicionesdelpais.com\/editorial\/wp-content\/uploads\/2019\/03\/ADMINISTRATIVAS_INDICE-2.pdf\">LEYES_ADMINISTRATIVAS<\/a><\/p>\n<h5>A\u00f1o de Publicaci\u00f3n 2024<\/h5>\n<h5>Medidas: 24 x 17 cm\u00a0 \u00a0400 p\u00e1ginas<\/h5>\n<h4><\/h4>\n<p>Contamos con env\u00edos a todos el Pa\u00eds.<\/p>\n<p>&nbsp;<\/p>\n","protected":false},"excerpt":{"rendered":"<p>LEYES ADMINISTRATIVAS Proc. Admin. &#8211; Servidumbre de Electroducto &#8211; Proc. Admin. Municipal (Ciudad de Bs. As.) &#8211; Expropiaciones &#8211; Tribunal de Tasaci\u00f3n de la Naci\u00f3n &#8211; Compre Argentino &#8211; Emergencia Econ\u00f3mica &#8211; Administraci\u00f3n Financiera y Sistemas de Control P\u00fablico Nac. &#8211; Contabilidad &#8211; Recursos P\u00fablicos &#8211; Contrataciones del Estado &#8211; Venta de Inmuebles del Estado [&hellip;]<\/p>\n","protected":false},"featured_media":843,"template":"","meta":[],"product_brand":[],"product_cat":[42,39,45],"product_tag":[],"class_list":{"0":"post-753","1":"product","2":"type-product","3":"status-publish","4":"has-post-thumbnail","6":"product_cat-administrativas","7":"product_cat-legislacion","8":"product_cat-novedades","9":"product_shipping_class-mercado-envio","11":"first","12":"instock","13":"shipping-taxable","14":"purchasable","15":"product-type-simple"},"aioseo_notices":[],"_links":{"self":[{"href":"https:\/\/edicionesdelpais.com\/editorial\/wp-json\/wp\/v2\/product\/753","targetHints":{"allow":["GET"]}}],"collection":[{"href":"https:\/\/edicionesdelpais.com\/editorial\/wp-json\/wp\/v2\/product"}],"about":[{"href":"https:\/\/edicionesdelpais.com\/editorial\/wp-json\/wp\/v2\/types\/product"}],"wp:featuredmedia":[{"embeddable":true,"href":"https:\/\/edicionesdelpais.com\/editorial\/wp-json\/wp\/v2\/media\/843"}],"wp:attachment":[{"href":"https:\/\/edicionesdelpais.com\/editorial\/wp-json\/wp\/v2\/media?parent=753"}],"wp:term":[{"taxonomy":"product_brand","embeddable":true,"href":"https:\/\/edicionesdelpais.com\/editorial\/wp-json\/wp\/v2\/product_brand?post=753"},{"taxonomy":"product_cat","embeddable":true,"href":"https:\/\/edicionesdelpais.com\/editorial\/wp-json\/wp\/v2\/product_cat?post=753"},{"taxonomy":"product_tag","embeddable":true,"href":"https:\/\/edicionesdelpais.com\/editorial\/wp-json\/wp\/v2\/product_tag?post=753"}],"curies":[{"name":"wp","href":"https:\/\/api.w.org\/{rel}","templated":true}]}}