{"id":1894,"date":"2025-12-02T15:57:31","date_gmt":"2025-12-02T18:57:31","guid":{"rendered":"https:\/\/edicionesdelpais.com\/editorial\/?post_type=product&#038;p=1894"},"modified":"2025-12-02T16:10:15","modified_gmt":"2025-12-02T19:10:15","slug":"pedido-de-quiebra-por-acreedor-laboral-gustavo-a-esparza","status":"publish","type":"product","link":"https:\/\/edicionesdelpais.com\/editorial\/producto\/pedido-de-quiebra-por-acreedor-laboral-gustavo-a-esparza\/","title":{"rendered":"Pedido de quiebra por acreedor laboral &#8211; Gustavo A. Esparza"},"content":{"rendered":"<p>Contenido: Como ense\u00f1aba Leopoldo Marechal: En horas de tiniebla no te apresures, hijo. El libro esclarece y tambi\u00e9n augura una obra m\u00e1s densa. Este libro es una herramienta inmejorable para los lectores a los que est\u00e1 destinado, satisfaciendo sobradamente el renacido y noble fin te\u00f3rico pr\u00e1ctico. Hay en \u00e9l fundamentos y soluciones, para orientar las estrategia jur\u00eddicas del desesperanzado acreedor laboral, que debe afrontar una opci\u00f3n y una instancia terminal: instar la quiebra de su empleador y someterse al alea de un proceso incierto y, desgraciadamente, morosamente tratado por los Tribunales. Esparza enuncia toda la problem\u00e1tica de la configuraci\u00f3n jur\u00eddica del pedido de quiebra la indebidamente denominada naturaleza jur\u00eddica, los fines que la instituci\u00f3n persigue y el uso que recibe.<\/p>\n<p>&nbsp;<\/p>\n<p>&nbsp;<\/p>\n<p>Autor: Gustavo A. Esparza<\/p>\n<p>1ra Edici\u00f3n 2025<\/p>\n<p><strong>110 p\u00e1ginas.<\/strong><\/p>\n<p><strong>Medidas: 23 x 16cm<\/strong><\/p>\n<p>Editorial: Visi\u00f3n Juridica<\/p>\n<h4>Contamos con env\u00edos a todos el Pa\u00eds.<\/h4>\n<p>&nbsp;<\/p>\n","protected":false},"excerpt":{"rendered":"<p>Contenido: Como ense\u00f1aba Leopoldo Marechal: En horas de tiniebla no te apresures, hijo. El libro esclarece y tambi\u00e9n augura una obra m\u00e1s densa. Este libro es una herramienta inmejorable para los lectores a los que est\u00e1 destinado, satisfaciendo sobradamente el renacido y noble fin te\u00f3rico pr\u00e1ctico. Hay en \u00e9l fundamentos y soluciones, para orientar las [&hellip;]<\/p>\n","protected":false},"featured_media":1895,"template":"","meta":[],"product_brand":[],"product_cat":[69,39,45,57],"product_tag":[],"class_list":{"0":"post-1894","1":"product","2":"type-product","3":"status-publish","4":"has-post-thumbnail","6":"product_cat-comerciales","7":"product_cat-legislacion","8":"product_cat-novedades","9":"product_cat-otros-libros","10":"product_shipping_class-mercado-envio","12":"first","13":"instock","14":"shipping-taxable","15":"purchasable","16":"product-type-simple"},"aioseo_notices":[],"_links":{"self":[{"href":"https:\/\/edicionesdelpais.com\/editorial\/wp-json\/wp\/v2\/product\/1894","targetHints":{"allow":["GET"]}}],"collection":[{"href":"https:\/\/edicionesdelpais.com\/editorial\/wp-json\/wp\/v2\/product"}],"about":[{"href":"https:\/\/edicionesdelpais.com\/editorial\/wp-json\/wp\/v2\/types\/product"}],"wp:featuredmedia":[{"embeddable":true,"href":"https:\/\/edicionesdelpais.com\/editorial\/wp-json\/wp\/v2\/media\/1895"}],"wp:attachment":[{"href":"https:\/\/edicionesdelpais.com\/editorial\/wp-json\/wp\/v2\/media?parent=1894"}],"wp:term":[{"taxonomy":"product_brand","embeddable":true,"href":"https:\/\/edicionesdelpais.com\/editorial\/wp-json\/wp\/v2\/product_brand?post=1894"},{"taxonomy":"product_cat","embeddable":true,"href":"https:\/\/edicionesdelpais.com\/editorial\/wp-json\/wp\/v2\/product_cat?post=1894"},{"taxonomy":"product_tag","embeddable":true,"href":"https:\/\/edicionesdelpais.com\/editorial\/wp-json\/wp\/v2\/product_tag?post=1894"}],"curies":[{"name":"wp","href":"https:\/\/api.w.org\/{rel}","templated":true}]}}