{"id":1891,"date":"2025-12-02T13:55:54","date_gmt":"2025-12-02T16:55:54","guid":{"rendered":"https:\/\/edicionesdelpais.com\/editorial\/?post_type=product&#038;p=1891"},"modified":"2025-12-15T20:50:09","modified_gmt":"2025-12-15T23:50:09","slug":"praxis-pericial-forense-2-tomos-stingo-n","status":"publish","type":"product","link":"https:\/\/edicionesdelpais.com\/editorial\/producto\/praxis-pericial-forense-2-tomos-stingo-n\/","title":{"rendered":"PRAXIS PERICIAL FORENSE 2 tomos &#8211; STINGO, N"},"content":{"rendered":"<h1 class=\"js-product-name h4 mb-3\" data-store=\"product-name-290606211\">Praxis pericial forense del equipo interdisciplinario 2 tomos<\/h1>\n<p>Stingo, N\u00e9stor Ricardo (compilador)<\/p>\n<p>Autores<\/p>\n<p>Alonso Sainz, Guillermo Badaracco, Juan Carlos Barboni, Noem\u00ed Marta<br \/>\nChicatto, Mar\u00eda Elena Gatti, Carlos Luis Luna, Maximiliano Mattera, Mar\u00eda Fernanda<br \/>\nPiaggio, Edgardo Alberto Quer\u00f3, N\u00e9lida Risso, Ricardo Ernesto Romi, Juan Carlos<br \/>\nRudelir, Marcelo Stingo, N\u00e9stor Ricardo Verduci, Juan Carlos Zazzi, Mar\u00eda<\/p>\n<p>La Psiquiatr\u00eda y la Psicolog\u00eda han registrado importantes avances en las \u00faltimas d\u00e9cadas, tanto en el \u00e1mbito de la investigaci\u00f3n como en su aplicaci\u00f3n pr\u00e1ctica.<br \/>\nEste libro ofrece una actualizaci\u00f3n sobre ambas disciplinas, destacando c\u00f3mo se entrelazan para analizar y comprender los aspectos del comportamiento humano. Esta integraci\u00f3n permite una mejor interpretaci\u00f3n de los vaivenes de la conducta.<\/p>\n<p>La obra est\u00e1 dirigida a profesionales e interesados en el estudio de las diversas posturas psicopatol\u00f3gicas que emergen cuando los seres humanos se enfrentan con la ley.<\/p>\n<p>&nbsp;<\/p>\n<p>1ra Edici\u00f3n 2025<\/p>\n<p><strong>1040 p\u00e1ginas.<\/strong><\/p>\n<p><strong>Medidas: 23 x 16cm<\/strong><\/p>\n<p>Editorial: Visi\u00f3n Juridica<\/p>\n<h4>Contamos con env\u00edos a todos el Pa\u00eds.<\/h4>\n<p>&nbsp;<\/p>\n","protected":false},"excerpt":{"rendered":"<p>Praxis pericial forense del equipo interdisciplinario 2 tomos Stingo, N\u00e9stor Ricardo (compilador) Autores Alonso Sainz, Guillermo Badaracco, Juan Carlos Barboni, Noem\u00ed Marta Chicatto, Mar\u00eda Elena Gatti, Carlos Luis Luna, Maximiliano Mattera, Mar\u00eda Fernanda Piaggio, Edgardo Alberto Quer\u00f3, N\u00e9lida Risso, Ricardo Ernesto Romi, Juan Carlos Rudelir, Marcelo Stingo, N\u00e9stor Ricardo Verduci, Juan Carlos Zazzi, Mar\u00eda La [&hellip;]<\/p>\n","protected":false},"featured_media":1892,"template":"","meta":[],"product_brand":[],"product_cat":[39,63,45,57,60],"product_tag":[],"class_list":{"0":"post-1891","1":"product","2":"type-product","3":"status-publish","4":"has-post-thumbnail","6":"product_cat-legislacion","7":"product_cat-medicina-enfermeria","8":"product_cat-novedades","9":"product_cat-otros-libros","10":"product_cat-promociones-juridicas","11":"product_shipping_class-mercado-envio","13":"first","14":"instock","15":"shipping-taxable","16":"purchasable","17":"product-type-simple"},"aioseo_notices":[],"_links":{"self":[{"href":"https:\/\/edicionesdelpais.com\/editorial\/wp-json\/wp\/v2\/product\/1891","targetHints":{"allow":["GET"]}}],"collection":[{"href":"https:\/\/edicionesdelpais.com\/editorial\/wp-json\/wp\/v2\/product"}],"about":[{"href":"https:\/\/edicionesdelpais.com\/editorial\/wp-json\/wp\/v2\/types\/product"}],"wp:featuredmedia":[{"embeddable":true,"href":"https:\/\/edicionesdelpais.com\/editorial\/wp-json\/wp\/v2\/media\/1892"}],"wp:attachment":[{"href":"https:\/\/edicionesdelpais.com\/editorial\/wp-json\/wp\/v2\/media?parent=1891"}],"wp:term":[{"taxonomy":"product_brand","embeddable":true,"href":"https:\/\/edicionesdelpais.com\/editorial\/wp-json\/wp\/v2\/product_brand?post=1891"},{"taxonomy":"product_cat","embeddable":true,"href":"https:\/\/edicionesdelpais.com\/editorial\/wp-json\/wp\/v2\/product_cat?post=1891"},{"taxonomy":"product_tag","embeddable":true,"href":"https:\/\/edicionesdelpais.com\/editorial\/wp-json\/wp\/v2\/product_tag?post=1891"}],"curies":[{"name":"wp","href":"https:\/\/api.w.org\/{rel}","templated":true}]}}