{"id":1350,"date":"2025-09-23T14:33:18","date_gmt":"2025-09-23T17:33:18","guid":{"rendered":"https:\/\/edicionesdelpais.com\/editorial\/?post_type=product&#038;p=1350"},"modified":"2026-03-16T21:08:25","modified_gmt":"2026-03-17T00:08:25","slug":"derecho-civil-parte-general-hugo-raul-felicetti","status":"publish","type":"product","link":"https:\/\/edicionesdelpais.com\/editorial\/producto\/derecho-civil-parte-general-hugo-raul-felicetti\/","title":{"rendered":"DERECHO CIVIl Parte General. Hugo Ra\u00fal Felicetti"},"content":{"rendered":"<p style=\"text-align: left\"><strong>DERECHO CIVIL PARTE GENERAL<\/strong><\/p>\n<p><strong>AUTOR: HUGO RA\u00daL FELICETTI<\/strong><\/p>\n<p>Contenido: Introducci\u00f3n al derecho civil. Fuentes del derecho. Capacidad. Persona jur\u00eddica. Acto jur\u00eddico. Vicios de la voluntad. Ineficacia. Extinci\u00f3n.<\/p>\n<p>Edici\u00f3n Agosto 2025<\/p>\n<p><strong>400 p\u00e1ginas.<\/strong><\/p>\n<p><strong>Medidas: 23 x 16cm<\/strong><\/p>\n<h4>Contamos con env\u00edos a todos el Pa\u00eds.<\/h4>\n<p>&nbsp;<\/p>\n","protected":false},"excerpt":{"rendered":"<p>DERECHO CIVIL PARTE GENERAL AUTOR: HUGO RA\u00daL FELICETTI Contenido: Introducci\u00f3n al derecho civil. Fuentes del derecho. Capacidad. Persona jur\u00eddica. Acto jur\u00eddico. Vicios de la voluntad. Ineficacia. Extinci\u00f3n. Edici\u00f3n Agosto 2025 400 p\u00e1ginas. Medidas: 23 x 16cm Contamos con env\u00edos a todos el Pa\u00eds. &nbsp;<\/p>\n","protected":false},"featured_media":1434,"template":"","meta":[],"product_brand":[],"product_cat":[72,75,45,60],"product_tag":[],"class_list":{"0":"post-1350","1":"product","2":"type-product","3":"status-publish","4":"has-post-thumbnail","6":"product_cat-codigos","7":"product_cat-nacionales","8":"product_cat-novedades","9":"product_cat-promociones-juridicas","10":"product_shipping_class-mercado-envio","12":"first","13":"instock","14":"shipping-taxable","15":"purchasable","16":"product-type-simple"},"aioseo_notices":[],"_links":{"self":[{"href":"https:\/\/edicionesdelpais.com\/editorial\/wp-json\/wp\/v2\/product\/1350","targetHints":{"allow":["GET"]}}],"collection":[{"href":"https:\/\/edicionesdelpais.com\/editorial\/wp-json\/wp\/v2\/product"}],"about":[{"href":"https:\/\/edicionesdelpais.com\/editorial\/wp-json\/wp\/v2\/types\/product"}],"wp:featuredmedia":[{"embeddable":true,"href":"https:\/\/edicionesdelpais.com\/editorial\/wp-json\/wp\/v2\/media\/1434"}],"wp:attachment":[{"href":"https:\/\/edicionesdelpais.com\/editorial\/wp-json\/wp\/v2\/media?parent=1350"}],"wp:term":[{"taxonomy":"product_brand","embeddable":true,"href":"https:\/\/edicionesdelpais.com\/editorial\/wp-json\/wp\/v2\/product_brand?post=1350"},{"taxonomy":"product_cat","embeddable":true,"href":"https:\/\/edicionesdelpais.com\/editorial\/wp-json\/wp\/v2\/product_cat?post=1350"},{"taxonomy":"product_tag","embeddable":true,"href":"https:\/\/edicionesdelpais.com\/editorial\/wp-json\/wp\/v2\/product_tag?post=1350"}],"curies":[{"name":"wp","href":"https:\/\/api.w.org\/{rel}","templated":true}]}}