{"id":1344,"date":"2025-09-23T14:33:18","date_gmt":"2025-09-23T17:33:18","guid":{"rendered":"https:\/\/edicionesdelpais.com\/editorial\/?post_type=product&#038;p=1344"},"modified":"2025-12-26T13:52:50","modified_gmt":"2025-12-26T16:52:50","slug":"actuacion-profesional-juicio-de-alimentos","status":"publish","type":"product","link":"https:\/\/edicionesdelpais.com\/editorial\/producto\/actuacion-profesional-juicio-de-alimentos\/","title":{"rendered":"Actuaci\u00f3n Profesional Juicio de Alimentos"},"content":{"rendered":"<div>\n<p>&nbsp;<\/p>\n<p>En la presente obra, se desarrollan las nuevas estrategias para asesorar y representar clientes bajo el nuevo marco legal. Tambi\u00e9n se realiza el an\u00e1lisis de los principales cambios en el derecho laboral luego de la reforma desde un punto de vista te\u00f3rico-pr\u00e1ctico, demostrando c\u00f3mo impacta en el ejercicio profesional cotidiano y el cambio de paradigma en la disciplina.<\/p>\n<p data-start=\"265\" data-end=\"652\">Este libro es una herramienta indispensable para abogados laboralistas y profesionales del derecho interesados en la defensa de los derechos de los trabajadores.\u00a0<em data-start=\"427\" data-end=\"460\">La nueva defensa del trabajador<\/em>\u00a0ofrece un an\u00e1lisis detallado de la Ley 27.742 y su impacto en el \u00e1mbito laboral, abordando estrategias clave, cambios normativos y acciones concretas para la protecci\u00f3n de los trabajadores.<\/p>\n<p data-start=\"654\" data-end=\"937\"><strong data-start=\"657\" data-end=\"683\">Contenidos destacados:<\/strong><br data-start=\"683\" data-end=\"686\" \/>&#x2714;&#xfe0f; Casos y jurisprudencia relevante<br data-start=\"721\" data-end=\"724\" \/>&#x2714;&#xfe0f; Da\u00f1os laborales y reparaci\u00f3n integral<br data-start=\"764\" data-end=\"767\" \/>&#x2714;&#xfe0f; Intercambio telegr\u00e1fico y estrategia procesal<br data-start=\"815\" data-end=\"818\" \/>&#x2714;&#xfe0f; Simulaci\u00f3n, fraude laboral y abuso del derecho<br data-start=\"867\" data-end=\"870\" \/>&#x2714;&#xfe0f; Presunci\u00f3n y carga de la prueba<br data-start=\"904\" data-end=\"907\" \/>&#x2714;&#xfe0f; Responsabilidad solidaria<\/p>\n<p data-start=\"939\" data-end=\"1028\"><strong data-start=\"942\" data-end=\"973\">Incluye acceso a eBook<\/strong><br data-start=\"973\" data-end=\"976\" \/>&#x2705; Jurisprudencia actualizada<br data-start=\"1004\" data-end=\"1007\" \/>&#x2705; Modelos pr\u00e1cticos<\/p>\n<p data-start=\"1030\" data-end=\"1182\">Una obra fundamental para mantenerse actualizado en materia laboral y mejorar la pr\u00e1ctica profesional con herramientas efectivas y ejemplos concretos.<\/p>\n<p>Autor: Sergio Lois<\/p>\n<\/div>\n<p>&nbsp;<\/p>\n<p><span class=\"wd-attr-name\"><span class=\"wd-attr-name-label\">Editorial del libro<\/span><\/span><\/p>\n<p>Ediciones DyD<\/p>\n<p>&nbsp;<\/p>\n<p>23 x 16 cm<\/p>\n<p><span class=\"wd-attr-name\"><span class=\"wd-attr-name-label\">Tipo de narraci\u00f3n<\/span><\/span><\/p>\n<p>Manual<\/p>\n<p><span class=\"wd-attr-name\"><span class=\"wd-attr-name-label\">Cantidad de p\u00e1ginas<\/span><\/span><\/p>\n<p>268<\/p>\n<p><span class=\"wd-attr-name\"><span class=\"wd-attr-name-label\">A\u00f1o de publicaci\u00f3n<\/span><\/span><\/p>\n<p>2025<\/p>\n<p>&nbsp;<\/p>\n<div>\n<p>Podes retirarlo en nuestra sucursal de Tribunales, Caba<br \/>\no en Zona sur ( Longchamps )<br \/>\nrealizamos env\u00edo a todo el Pa\u00eds<\/p>\n<\/div>\n<p>Horario de atenci\u00f3n Lun a Vie de 10:30 a 17 hs<\/p>\n<h4><\/h4>\n<h4>Contamos con env\u00edos a todos el Pa\u00eds.<\/h4>\n","protected":false},"excerpt":{"rendered":"<p>&nbsp; En la presente obra, se desarrollan las nuevas estrategias para asesorar y representar clientes bajo el nuevo marco legal. Tambi\u00e9n se realiza el an\u00e1lisis de los principales cambios en el derecho laboral luego de la reforma desde un punto de vista te\u00f3rico-pr\u00e1ctico, demostrando c\u00f3mo impacta en el ejercicio profesional cotidiano y el cambio de [&hellip;]<\/p>\n","protected":false},"featured_media":1428,"template":"","meta":[],"product_brand":[],"product_cat":[57,60],"product_tag":[],"class_list":{"0":"post-1344","1":"product","2":"type-product","3":"status-publish","4":"has-post-thumbnail","6":"product_cat-otros-libros","7":"product_cat-promociones-juridicas","8":"product_shipping_class-mercado-envio","10":"first","11":"instock","12":"shipping-taxable","13":"purchasable","14":"product-type-simple"},"aioseo_notices":[],"_links":{"self":[{"href":"https:\/\/edicionesdelpais.com\/editorial\/wp-json\/wp\/v2\/product\/1344","targetHints":{"allow":["GET"]}}],"collection":[{"href":"https:\/\/edicionesdelpais.com\/editorial\/wp-json\/wp\/v2\/product"}],"about":[{"href":"https:\/\/edicionesdelpais.com\/editorial\/wp-json\/wp\/v2\/types\/product"}],"wp:featuredmedia":[{"embeddable":true,"href":"https:\/\/edicionesdelpais.com\/editorial\/wp-json\/wp\/v2\/media\/1428"}],"wp:attachment":[{"href":"https:\/\/edicionesdelpais.com\/editorial\/wp-json\/wp\/v2\/media?parent=1344"}],"wp:term":[{"taxonomy":"product_brand","embeddable":true,"href":"https:\/\/edicionesdelpais.com\/editorial\/wp-json\/wp\/v2\/product_brand?post=1344"},{"taxonomy":"product_cat","embeddable":true,"href":"https:\/\/edicionesdelpais.com\/editorial\/wp-json\/wp\/v2\/product_cat?post=1344"},{"taxonomy":"product_tag","embeddable":true,"href":"https:\/\/edicionesdelpais.com\/editorial\/wp-json\/wp\/v2\/product_tag?post=1344"}],"curies":[{"name":"wp","href":"https:\/\/api.w.org\/{rel}","templated":true}]}}