{"id":1338,"date":"2025-09-23T14:33:18","date_gmt":"2025-09-23T17:33:18","guid":{"rendered":"https:\/\/edicionesdelpais.com\/editorial\/?post_type=product&#038;p=1338"},"modified":"2025-12-26T13:52:50","modified_gmt":"2025-12-26T16:52:50","slug":"codigo-procesal-penal-de-la-ciudad-de-buenos-aires-contravencional-reg-de-faltas-y-constitucion-ciudad","status":"publish","type":"product","link":"https:\/\/edicionesdelpais.com\/editorial\/producto\/codigo-procesal-penal-de-la-ciudad-de-buenos-aires-contravencional-reg-de-faltas-y-constitucion-ciudad\/","title":{"rendered":"C\u00d3DIGO PROCESAL PENAL DE LA CIUDAD DE BUENOS AIRES (+CONTRAVENCIONAL, REG. DE FALTAS Y CONSTITUCION CIUDAD)"},"content":{"rendered":"<p>C\u00d3DIGO PROCESAL PENAL DE LA CIUDAD DE BUENOS AIRES CIUDAD<\/p>\n<p>INCLUYE:<\/p>\n<p>C\u00d3DIGO CONTRAVENCIONAL DE LA CIUDAD DE BUENOS AIRES<\/p>\n<p>REGIMEN DE FALTAS<\/p>\n<p>CONSTITUCION DE LA CIUDAD DE BUENOS AIRES<\/p>\n<p>&nbsp;<\/p>\n<p><strong>\u00a015TA EDICI\u00d3N MAYO de 2025<\/strong><\/p>\n<p>&nbsp;<\/p>\n<p><strong>240 p\u00e1ginas.<\/strong><\/p>\n<p><strong>Medidas: 24x 17 cm<\/strong><\/p>\n<h4><\/h4>\n<h4>USTED PODR\u00c1 CONSULTAR Y DESCARGAR LAS ACTUALIZACIONES VIGENTES.<\/h4>\n<h4>TODOS NUESTROS LIBROS CUENTAN CON ESTE BENEFICIO.<\/h4>\n<h4><a href=\"http:\/\/edicionesdelpais.com\/editorial\/mi-cuenta\/actualizaciones-editorial\/\">http:\/\/edicionesdelpais.com\/editorial\/mi-cuenta\/actualizaciones-editorial\/<\/a><\/h4>\n<h4>Contamos con env\u00edos a todos el Pa\u00eds.<\/h4>\n<p>&nbsp;<\/p>\n","protected":false},"excerpt":{"rendered":"<p>C\u00d3DIGO PROCESAL PENAL DE LA CIUDAD DE BUENOS AIRES CIUDAD INCLUYE: C\u00d3DIGO CONTRAVENCIONAL DE LA CIUDAD DE BUENOS AIRES REGIMEN DE FALTAS CONSTITUCION DE LA CIUDAD DE BUENOS AIRES &nbsp; \u00a015TA EDICI\u00d3N MAYO de 2025 &nbsp; 240 p\u00e1ginas. Medidas: 24x 17 cm USTED PODR\u00c1 CONSULTAR Y DESCARGAR LAS ACTUALIZACIONES VIGENTES. TODOS NUESTROS LIBROS CUENTAN CON [&hellip;]<\/p>\n","protected":false},"featured_media":1779,"template":"","meta":[],"product_brand":[],"product_cat":[96,139,72,45,60],"product_tag":[],"class_list":{"0":"post-1338","1":"product","2":"type-product","3":"status-publish","4":"has-post-thumbnail","6":"product_cat-c-a-b-a","7":"product_cat-ciudad-de-buenos-aires","8":"product_cat-codigos","9":"product_cat-novedades","10":"product_cat-promociones-juridicas","11":"product_shipping_class-mercado-envio","13":"first","14":"instock","15":"shipping-taxable","16":"purchasable","17":"product-type-simple"},"aioseo_notices":[],"_links":{"self":[{"href":"https:\/\/edicionesdelpais.com\/editorial\/wp-json\/wp\/v2\/product\/1338","targetHints":{"allow":["GET"]}}],"collection":[{"href":"https:\/\/edicionesdelpais.com\/editorial\/wp-json\/wp\/v2\/product"}],"about":[{"href":"https:\/\/edicionesdelpais.com\/editorial\/wp-json\/wp\/v2\/types\/product"}],"wp:featuredmedia":[{"embeddable":true,"href":"https:\/\/edicionesdelpais.com\/editorial\/wp-json\/wp\/v2\/media\/1779"}],"wp:attachment":[{"href":"https:\/\/edicionesdelpais.com\/editorial\/wp-json\/wp\/v2\/media?parent=1338"}],"wp:term":[{"taxonomy":"product_brand","embeddable":true,"href":"https:\/\/edicionesdelpais.com\/editorial\/wp-json\/wp\/v2\/product_brand?post=1338"},{"taxonomy":"product_cat","embeddable":true,"href":"https:\/\/edicionesdelpais.com\/editorial\/wp-json\/wp\/v2\/product_cat?post=1338"},{"taxonomy":"product_tag","embeddable":true,"href":"https:\/\/edicionesdelpais.com\/editorial\/wp-json\/wp\/v2\/product_tag?post=1338"}],"curies":[{"name":"wp","href":"https:\/\/api.w.org\/{rel}","templated":true}]}}