{"id":1311,"date":"2025-09-23T14:33:17","date_gmt":"2025-09-23T17:33:17","guid":{"rendered":"https:\/\/edicionesdelpais.com\/editorial\/?post_type=product&#038;p=1311"},"modified":"2026-05-15T17:45:51","modified_gmt":"2026-05-15T20:45:51","slug":"ley-de-bases-no-27-742","status":"publish","type":"product","link":"https:\/\/edicionesdelpais.com\/editorial\/producto\/ley-de-bases-no-27-742\/","title":{"rendered":"PROCEDIMIENTO LABORAL"},"content":{"rendered":"<h1 class=\"ui-pdp-title\">PROCEDIMIENTO LABORAL Naci\u00f3n y provincia de Buenos Aires<\/h1>\n<p>Ley N\u00b0 18345<\/p>\n<p>Ley N\u00b0 11.653 y 15.057<\/p>\n<p>Concilieaci\u00f3n Obligatoria\u00a0 Ley 24.635<\/p>\n<p>Ediciones del Pa\u00eds<\/p>\n<p>Podes retirarlo tu compra en nuestro Local en la Zona de Tribunales, Caba.<br \/>\no en nuestro taller Gr\u00e1fico en Zona sur ( Longchamps )<\/p>\n<p>Env\u00edos a todo el pa\u00eds.<\/p>\n<p>Horario de atenci\u00f3n Lun a Vie de 9:30 a 17 hs<\/p>\n<h5>MEDIDAS: 24 X 17 CM<\/h5>\n<p>108 Pginas.<\/p>\n<p>Publicaci\u00f3n: 2026<\/p>\n<h4>Contamos con env\u00edos a todos el Pa\u00eds.<\/h4>\n","protected":false},"excerpt":{"rendered":"<p>PROCEDIMIENTO LABORAL Naci\u00f3n y provincia de Buenos Aires Ley N\u00b0 18345 Ley N\u00b0 11.653 y 15.057 Concilieaci\u00f3n Obligatoria\u00a0 Ley 24.635 Ediciones del Pa\u00eds Podes retirarlo tu compra en nuestro Local en la Zona de Tribunales, Caba. o en nuestro taller Gr\u00e1fico en Zona sur ( Longchamps ) Env\u00edos a todo el pa\u00eds. Horario de atenci\u00f3n [&hellip;]<\/p>\n","protected":false},"featured_media":0,"template":"","meta":[],"product_brand":[],"product_cat":[87,99],"product_tag":[],"class_list":{"0":"post-1311","1":"product","2":"type-product","3":"status-publish","5":"product_cat-constituciones","6":"product_cat-nacion","7":"product_shipping_class-mercado-envio","9":"first","10":"instock","11":"shipping-taxable","12":"purchasable","13":"product-type-simple"},"aioseo_notices":[],"_links":{"self":[{"href":"https:\/\/edicionesdelpais.com\/editorial\/wp-json\/wp\/v2\/product\/1311","targetHints":{"allow":["GET"]}}],"collection":[{"href":"https:\/\/edicionesdelpais.com\/editorial\/wp-json\/wp\/v2\/product"}],"about":[{"href":"https:\/\/edicionesdelpais.com\/editorial\/wp-json\/wp\/v2\/types\/product"}],"wp:attachment":[{"href":"https:\/\/edicionesdelpais.com\/editorial\/wp-json\/wp\/v2\/media?parent=1311"}],"wp:term":[{"taxonomy":"product_brand","embeddable":true,"href":"https:\/\/edicionesdelpais.com\/editorial\/wp-json\/wp\/v2\/product_brand?post=1311"},{"taxonomy":"product_cat","embeddable":true,"href":"https:\/\/edicionesdelpais.com\/editorial\/wp-json\/wp\/v2\/product_cat?post=1311"},{"taxonomy":"product_tag","embeddable":true,"href":"https:\/\/edicionesdelpais.com\/editorial\/wp-json\/wp\/v2\/product_tag?post=1311"}],"curies":[{"name":"wp","href":"https:\/\/api.w.org\/{rel}","templated":true}]}}