{"id":1305,"date":"2025-09-23T14:33:17","date_gmt":"2025-09-23T17:33:17","guid":{"rendered":"https:\/\/edicionesdelpais.com\/editorial\/?post_type=product&#038;p=1305"},"modified":"2025-12-26T13:52:50","modified_gmt":"2025-12-26T16:52:50","slug":"mediacion-en-argentina-bargiela-burs","status":"publish","type":"product","link":"https:\/\/edicionesdelpais.com\/editorial\/producto\/mediacion-en-argentina-bargiela-burs\/","title":{"rendered":"MEDIACI\u00d3N EN ARGENTINA BARGIELA &#8211; BURS"},"content":{"rendered":"<div>\n<div>MEDIACI\u00d3N EN ARGENTINA<\/div>\n<\/div>\n<div>Evoluci\u00f3n de la Mediaci\u00f3n desde sus or\u00edgenes hasta la actualidad<\/div>\n<div><\/div>\n<div>Autor: Ana M. Bargiela &#8211; Mar\u00eda I. Burs<\/div>\n<div><\/div>\n<div>Compendio y An\u00e1lisis de la Legislaci\u00f3n Nacional y de las Provincias<\/div>\n<div>\n<p>An\u00e1lisis de la Ley N\u00b0 26589 y su reglamentaci\u00f3n<\/p>\n<p>Edici\u00f3n junio de 2024<br \/>\n574 p\u00e1ginas<\/p>\n<\/div>\n<p>Podes retirarlo en nuestra sucursal de Tribunales, Caba<br \/>\no en Zona sur ( Longchamps )<br \/>\nrealizamos env\u00edo a todo el Pa\u00eds<\/p>\n<p>Horario de atenci\u00f3n Lun a Vie de 10:30 a 17 hs<\/p>\n<h4><\/h4>\n<h4>Contamos con env\u00edos a todos el Pa\u00eds.<\/h4>\n","protected":false},"excerpt":{"rendered":"<p>MEDIACI\u00d3N EN ARGENTINA Evoluci\u00f3n de la Mediaci\u00f3n desde sus or\u00edgenes hasta la actualidad Autor: Ana M. Bargiela &#8211; Mar\u00eda I. Burs Compendio y An\u00e1lisis de la Legislaci\u00f3n Nacional y de las Provincias An\u00e1lisis de la Ley N\u00b0 26589 y su reglamentaci\u00f3n Edici\u00f3n junio de 2024 574 p\u00e1ginas Podes retirarlo en nuestra sucursal de Tribunales, Caba [&hellip;]<\/p>\n","protected":false},"featured_media":1782,"template":"","meta":[],"product_brand":[],"product_cat":[135,45,60],"product_tag":[],"class_list":{"0":"post-1305","1":"product","2":"type-product","3":"status-publish","4":"has-post-thumbnail","6":"product_cat-mediacion","7":"product_cat-novedades","8":"product_cat-promociones-juridicas","9":"product_shipping_class-mercado-envio","11":"first","12":"instock","13":"shipping-taxable","14":"purchasable","15":"product-type-simple"},"aioseo_notices":[],"_links":{"self":[{"href":"https:\/\/edicionesdelpais.com\/editorial\/wp-json\/wp\/v2\/product\/1305","targetHints":{"allow":["GET"]}}],"collection":[{"href":"https:\/\/edicionesdelpais.com\/editorial\/wp-json\/wp\/v2\/product"}],"about":[{"href":"https:\/\/edicionesdelpais.com\/editorial\/wp-json\/wp\/v2\/types\/product"}],"wp:featuredmedia":[{"embeddable":true,"href":"https:\/\/edicionesdelpais.com\/editorial\/wp-json\/wp\/v2\/media\/1782"}],"wp:attachment":[{"href":"https:\/\/edicionesdelpais.com\/editorial\/wp-json\/wp\/v2\/media?parent=1305"}],"wp:term":[{"taxonomy":"product_brand","embeddable":true,"href":"https:\/\/edicionesdelpais.com\/editorial\/wp-json\/wp\/v2\/product_brand?post=1305"},{"taxonomy":"product_cat","embeddable":true,"href":"https:\/\/edicionesdelpais.com\/editorial\/wp-json\/wp\/v2\/product_cat?post=1305"},{"taxonomy":"product_tag","embeddable":true,"href":"https:\/\/edicionesdelpais.com\/editorial\/wp-json\/wp\/v2\/product_tag?post=1305"}],"curies":[{"name":"wp","href":"https:\/\/api.w.org\/{rel}","templated":true}]}}