{"id":1248,"date":"2025-09-23T14:32:52","date_gmt":"2025-09-23T17:32:52","guid":{"rendered":"https:\/\/edicionesdelpais.com\/editorial\/?post_type=product&#038;p=1248"},"modified":"2025-09-23T14:34:18","modified_gmt":"2025-09-23T17:34:18","slug":"tratado-de-derecho-procesal-civil-morello-2-tomos","status":"publish","type":"product","link":"https:\/\/edicionesdelpais.com\/editorial\/producto\/tratado-de-derecho-procesal-civil-morello-2-tomos\/","title":{"rendered":"Tratado De Derecho Procesal Civil &#8211; Morello 2 Tomos"},"content":{"rendered":"<p>Tratado De Derecho Procesal Civil &#8211; Morello 2 Tomos<\/p>\n<p><strong>Autor: Arg\u00fcello, Luis R.<\/strong><\/p>\n<p><strong>Tomos:\u00a0\u00a0<\/strong><\/p>\n<p><strong>Edici\u00f3n: 1<br \/>\nTapa: R\u00fastica<br \/>\nEditorial: Astrea<br \/>\nP\u00e1ginas: 1848<br \/>\nFormato: 24 x 16 cm<br \/>\nA\u00f1o: 2007<br \/>\n<\/strong><\/p>\n<h4>Contamos con env\u00edos a todos el Pa\u00eds.<\/h4>\n","protected":false},"excerpt":{"rendered":"<p>Tratado De Derecho Procesal Civil &#8211; Morello 2 Tomos Autor: Arg\u00fcello, Luis R. Tomos:\u00a0\u00a0 Edici\u00f3n: 1 Tapa: R\u00fastica Editorial: Astrea P\u00e1ginas: 1848 Formato: 24 x 16 cm A\u00f1o: 2007 Contamos con env\u00edos a todos el Pa\u00eds.<\/p>\n","protected":false},"featured_media":1383,"template":"","meta":[],"product_brand":[],"product_cat":[57],"product_tag":[],"class_list":{"0":"post-1248","1":"product","2":"type-product","3":"status-publish","4":"has-post-thumbnail","6":"product_cat-otros-libros","7":"product_shipping_class-mercado-envio","9":"first","10":"instock","11":"shipping-taxable","12":"purchasable","13":"product-type-simple"},"aioseo_notices":[],"_links":{"self":[{"href":"https:\/\/edicionesdelpais.com\/editorial\/wp-json\/wp\/v2\/product\/1248","targetHints":{"allow":["GET"]}}],"collection":[{"href":"https:\/\/edicionesdelpais.com\/editorial\/wp-json\/wp\/v2\/product"}],"about":[{"href":"https:\/\/edicionesdelpais.com\/editorial\/wp-json\/wp\/v2\/types\/product"}],"wp:featuredmedia":[{"embeddable":true,"href":"https:\/\/edicionesdelpais.com\/editorial\/wp-json\/wp\/v2\/media\/1383"}],"wp:attachment":[{"href":"https:\/\/edicionesdelpais.com\/editorial\/wp-json\/wp\/v2\/media?parent=1248"}],"wp:term":[{"taxonomy":"product_brand","embeddable":true,"href":"https:\/\/edicionesdelpais.com\/editorial\/wp-json\/wp\/v2\/product_brand?post=1248"},{"taxonomy":"product_cat","embeddable":true,"href":"https:\/\/edicionesdelpais.com\/editorial\/wp-json\/wp\/v2\/product_cat?post=1248"},{"taxonomy":"product_tag","embeddable":true,"href":"https:\/\/edicionesdelpais.com\/editorial\/wp-json\/wp\/v2\/product_tag?post=1248"}],"curies":[{"name":"wp","href":"https:\/\/api.w.org\/{rel}","templated":true}]}}