{"id":1236,"date":"2025-09-23T14:32:52","date_gmt":"2025-09-23T17:32:52","guid":{"rendered":"https:\/\/edicionesdelpais.com\/editorial\/?post_type=product&#038;p=1236"},"modified":"2025-12-26T13:52:50","modified_gmt":"2025-12-26T16:52:50","slug":"pack-codigo-civil-y-comercial-completo-4-codigos-prov-de-buenos-aires-pocket","status":"publish","type":"product","link":"https:\/\/edicionesdelpais.com\/editorial\/producto\/pack-codigo-civil-y-comercial-completo-4-codigos-prov-de-buenos-aires-pocket\/","title":{"rendered":"Pack C\u00f3digo Civil Y Comercial (Completo) + 4 C\u00f3digos Prov, de Buenos Aires Pocket"},"content":{"rendered":"<p>Ediciones del Pa\u00eds<\/p>\n<p>Pack Pocket 2025<\/p>\n<p>C\u00f3digo Civil y Comercial Con leyes complementar\u00edas<\/p>\n<p>+ C\u00f3digo Penal<\/p>\n<p>+ Procesal Civil y Comercial Provincia de Buenos Aires<\/p>\n<p>+Procesal Penal Provincia de Buenos Aires<\/p>\n<p>+Constituci\u00f3n C\/Tratados Internacionales<\/p>\n<h5>MEDIDAS:\u00a0 19 X 14 CM<\/h5>\n<h4><\/h4>\n<h4>CONTAMOS CON ENV\u00cdOS A TODOS EL PA\u00cdS.<\/h4>\n<p>&nbsp;<\/p>\n","protected":false},"excerpt":{"rendered":"<p>Ediciones del Pa\u00eds Pack Pocket 2025 C\u00f3digo Civil y Comercial Con leyes complementar\u00edas + C\u00f3digo Penal + Procesal Civil y Comercial Provincia de Buenos Aires +Procesal Penal Provincia de Buenos Aires +Constituci\u00f3n C\/Tratados Internacionales MEDIDAS:\u00a0 19 X 14 CM CONTAMOS CON ENV\u00cdOS A TODOS EL PA\u00cdS. &nbsp;<\/p>\n","protected":false},"featured_media":1841,"template":"","meta":[],"product_brand":[],"product_cat":[72,60,84],"product_tag":[],"class_list":{"0":"post-1236","1":"product","2":"type-product","3":"status-publish","4":"has-post-thumbnail","6":"product_cat-codigos","7":"product_cat-promociones-juridicas","8":"product_cat-prov-buenos-aires","9":"product_shipping_class-mercado-envio","11":"first","12":"instock","13":"shipping-taxable","14":"purchasable","15":"product-type-simple"},"aioseo_notices":[],"_links":{"self":[{"href":"https:\/\/edicionesdelpais.com\/editorial\/wp-json\/wp\/v2\/product\/1236","targetHints":{"allow":["GET"]}}],"collection":[{"href":"https:\/\/edicionesdelpais.com\/editorial\/wp-json\/wp\/v2\/product"}],"about":[{"href":"https:\/\/edicionesdelpais.com\/editorial\/wp-json\/wp\/v2\/types\/product"}],"wp:featuredmedia":[{"embeddable":true,"href":"https:\/\/edicionesdelpais.com\/editorial\/wp-json\/wp\/v2\/media\/1841"}],"wp:attachment":[{"href":"https:\/\/edicionesdelpais.com\/editorial\/wp-json\/wp\/v2\/media?parent=1236"}],"wp:term":[{"taxonomy":"product_brand","embeddable":true,"href":"https:\/\/edicionesdelpais.com\/editorial\/wp-json\/wp\/v2\/product_brand?post=1236"},{"taxonomy":"product_cat","embeddable":true,"href":"https:\/\/edicionesdelpais.com\/editorial\/wp-json\/wp\/v2\/product_cat?post=1236"},{"taxonomy":"product_tag","embeddable":true,"href":"https:\/\/edicionesdelpais.com\/editorial\/wp-json\/wp\/v2\/product_tag?post=1236"}],"curies":[{"name":"wp","href":"https:\/\/api.w.org\/{rel}","templated":true}]}}