{"id":1218,"date":"2025-09-23T14:32:52","date_gmt":"2025-09-23T17:32:52","guid":{"rendered":"https:\/\/edicionesdelpais.com\/editorial\/?post_type=product&#038;p=1218"},"modified":"2025-12-02T22:54:16","modified_gmt":"2025-12-03T01:54:16","slug":"codigo-procesal-civil-y-comercial-prov-de-buenos-aires-leyes-complementarias-pocket","status":"publish","type":"product","link":"https:\/\/edicionesdelpais.com\/editorial\/producto\/codigo-procesal-civil-y-comercial-prov-de-buenos-aires-leyes-complementarias-pocket\/","title":{"rendered":"C\u00d3DIGO PROCESAL CIVIL Y COMERCIAL PROV. DE BUENOS AIRES , LEYES COMPLEMENTARIAS POCKET"},"content":{"rendered":"<h5>C\u00d3DIGO PROCESAL CIVIL Y COMERCIAL PROV. DE BUENOS AIRES , LEYES COMPLEMENTARIAS POCKET<\/h5>\n<h5><\/h5>\n<p>Indice:\u00a0<a href=\"http:\/\/edicionesdelpais.com\/editorial\/wp-content\/uploads\/2019\/04\/CODIGO-PROC-CIVIL-Y-COMERCIAL_prov_INDICE.pdf\">CODIGO PROC CIVIL Y COMERCIAL_PROVINCIA<\/a><\/p>\n<h5>\u00a022Da EDICI\u00d3N Abril\u00a0 2025.<\/h5>\n<h5>MEDIDAS: 19 X 14 CM\u00a0 \u00a0496 P\u00c1GINAS<\/h5>\n<p>&nbsp;<\/p>\n<h4>CONTAMOS CON ENV\u00cdOS A TODOS EL PA\u00cdS.<\/h4>\n","protected":false},"excerpt":{"rendered":"<p>C\u00d3DIGO PROCESAL CIVIL Y COMERCIAL PROV. DE BUENOS AIRES , LEYES COMPLEMENTARIAS POCKET Indice:\u00a0CODIGO PROC CIVIL Y COMERCIAL_PROVINCIA \u00a022Da EDICI\u00d3N Abril\u00a0 2025. MEDIDAS: 19 X 14 CM\u00a0 \u00a0496 P\u00c1GINAS &nbsp; CONTAMOS CON ENV\u00cdOS A TODOS EL PA\u00cdS.<\/p>\n","protected":false},"featured_media":1844,"template":"","meta":[],"product_brand":[],"product_cat":[72,45,60,84],"product_tag":[],"class_list":{"0":"post-1218","1":"product","2":"type-product","3":"status-publish","4":"has-post-thumbnail","6":"product_cat-codigos","7":"product_cat-novedades","8":"product_cat-promociones-juridicas","9":"product_cat-prov-buenos-aires","10":"product_shipping_class-mercado-envio","12":"first","13":"instock","14":"shipping-taxable","15":"purchasable","16":"product-type-simple"},"aioseo_notices":[],"_links":{"self":[{"href":"https:\/\/edicionesdelpais.com\/editorial\/wp-json\/wp\/v2\/product\/1218","targetHints":{"allow":["GET"]}}],"collection":[{"href":"https:\/\/edicionesdelpais.com\/editorial\/wp-json\/wp\/v2\/product"}],"about":[{"href":"https:\/\/edicionesdelpais.com\/editorial\/wp-json\/wp\/v2\/types\/product"}],"wp:featuredmedia":[{"embeddable":true,"href":"https:\/\/edicionesdelpais.com\/editorial\/wp-json\/wp\/v2\/media\/1844"}],"wp:attachment":[{"href":"https:\/\/edicionesdelpais.com\/editorial\/wp-json\/wp\/v2\/media?parent=1218"}],"wp:term":[{"taxonomy":"product_brand","embeddable":true,"href":"https:\/\/edicionesdelpais.com\/editorial\/wp-json\/wp\/v2\/product_brand?post=1218"},{"taxonomy":"product_cat","embeddable":true,"href":"https:\/\/edicionesdelpais.com\/editorial\/wp-json\/wp\/v2\/product_cat?post=1218"},{"taxonomy":"product_tag","embeddable":true,"href":"https:\/\/edicionesdelpais.com\/editorial\/wp-json\/wp\/v2\/product_tag?post=1218"}],"curies":[{"name":"wp","href":"https:\/\/api.w.org\/{rel}","templated":true}]}}