{"id":1212,"date":"2025-09-23T14:32:51","date_gmt":"2025-09-23T17:32:51","guid":{"rendered":"https:\/\/edicionesdelpais.com\/editorial\/?post_type=product&#038;p=1212"},"modified":"2026-04-17T14:45:01","modified_gmt":"2026-04-17T17:45:01","slug":"jubilaciones","status":"publish","type":"product","link":"https:\/\/edicionesdelpais.com\/editorial\/producto\/jubilaciones\/","title":{"rendered":"Jubilaciones"},"content":{"rendered":"<div>\n<p>Jubilaciones<\/p>\n<p>Sistema integrado de jubilaciones y pensiones ley n\u00b0 24.241<\/p>\n<p>Sistema integrado Previsional Argentino (SIPA) ley n\u00b0 26.425<\/p>\n<div class=\"woocommerce-product-details__short-description\">\n<p>34ta Edici\u00f3n Abril 2026<\/p>\n<p>132 pag<\/p>\n<\/div>\n<\/div>\n<p>Podes retirarlo en nuestra sucursal de Tribunales, Caba<br \/>\no en Zona sur ( Longchamps )<br \/>\nrealizamos env\u00edo a todo el Pa\u00eds<\/p>\n<p>Horario de atenci\u00f3n Lun a Vie de 10:30 a 17 hs<\/p>\n<h4><\/h4>\n<h4>Contamos con env\u00edos a todos el Pa\u00eds.<\/h4>\n","protected":false},"excerpt":{"rendered":"<p>Jubilaciones Sistema integrado de jubilaciones y pensiones ley n\u00b0 24.241 Sistema integrado Previsional Argentino (SIPA) ley n\u00b0 26.425 34ta Edici\u00f3n Abril 2026 132 pag Podes retirarlo en nuestra sucursal de Tribunales, Caba o en Zona sur ( Longchamps ) realizamos env\u00edo a todo el Pa\u00eds Horario de atenci\u00f3n Lun a Vie de 10:30 a 17 [&hellip;]<\/p>\n","protected":false},"featured_media":1299,"template":"","meta":[],"product_brand":[],"product_cat":[45,57],"product_tag":[],"class_list":{"0":"post-1212","1":"product","2":"type-product","3":"status-publish","4":"has-post-thumbnail","6":"product_cat-novedades","7":"product_cat-otros-libros","8":"product_shipping_class-mercado-envio","10":"first","11":"instock","12":"shipping-taxable","13":"purchasable","14":"product-type-simple"},"aioseo_notices":[],"_links":{"self":[{"href":"https:\/\/edicionesdelpais.com\/editorial\/wp-json\/wp\/v2\/product\/1212","targetHints":{"allow":["GET"]}}],"collection":[{"href":"https:\/\/edicionesdelpais.com\/editorial\/wp-json\/wp\/v2\/product"}],"about":[{"href":"https:\/\/edicionesdelpais.com\/editorial\/wp-json\/wp\/v2\/types\/product"}],"wp:featuredmedia":[{"embeddable":true,"href":"https:\/\/edicionesdelpais.com\/editorial\/wp-json\/wp\/v2\/media\/1299"}],"wp:attachment":[{"href":"https:\/\/edicionesdelpais.com\/editorial\/wp-json\/wp\/v2\/media?parent=1212"}],"wp:term":[{"taxonomy":"product_brand","embeddable":true,"href":"https:\/\/edicionesdelpais.com\/editorial\/wp-json\/wp\/v2\/product_brand?post=1212"},{"taxonomy":"product_cat","embeddable":true,"href":"https:\/\/edicionesdelpais.com\/editorial\/wp-json\/wp\/v2\/product_cat?post=1212"},{"taxonomy":"product_tag","embeddable":true,"href":"https:\/\/edicionesdelpais.com\/editorial\/wp-json\/wp\/v2\/product_tag?post=1212"}],"curies":[{"name":"wp","href":"https:\/\/api.w.org\/{rel}","templated":true}]}}