{"id":1197,"date":"2025-09-23T14:32:51","date_gmt":"2025-09-23T17:32:51","guid":{"rendered":"https:\/\/edicionesdelpais.com\/editorial\/?post_type=product&#038;p=1197"},"modified":"2025-12-26T13:52:50","modified_gmt":"2025-12-26T16:52:50","slug":"consentimiento-informado-en-investigacion-con-pacientes-de-emergencia-medica","status":"publish","type":"product","link":"https:\/\/edicionesdelpais.com\/editorial\/producto\/consentimiento-informado-en-investigacion-con-pacientes-de-emergencia-medica\/","title":{"rendered":"Consentimiento informado en investigaci\u00f3n con pacientes de Emergencia M\u00e9dica &#8211; Omar Angel"},"content":{"rendered":"<div>\n<div>\n<div>Consentimiento informado En investigaci\u00f3n con pacientes en emergencia m\u00e9dica. Jurisprudencia<\/div>\n<div><\/div>\n<div>Autor: Gabrielli, Omar Angel<\/div>\n<\/div>\n<div>\n<p>&nbsp;<\/p>\n<\/div>\n<\/div>\n<p>Podes retirarlo en nuestra sucursal de Tribunales, Caba<br \/>\no en Zona sur ( Longchamps )<br \/>\nrealizamos env\u00edo a todo el Pa\u00eds<\/p>\n<p>Horario de atenci\u00f3n Lun a Vie de 10:30 a 17 hs<\/p>\n<h4><\/h4>\n<h4>Contamos con env\u00edos a todos el Pa\u00eds.<\/h4>\n","protected":false},"excerpt":{"rendered":"<p>Consentimiento informado En investigaci\u00f3n con pacientes en emergencia m\u00e9dica. Jurisprudencia Autor: Gabrielli, Omar Angel &nbsp; Podes retirarlo en nuestra sucursal de Tribunales, Caba o en Zona sur ( Longchamps ) realizamos env\u00edo a todo el Pa\u00eds Horario de atenci\u00f3n Lun a Vie de 10:30 a 17 hs Contamos con env\u00edos a todos el Pa\u00eds.<\/p>\n","protected":false},"featured_media":1284,"template":"","meta":[],"product_brand":[],"product_cat":[57,60],"product_tag":[],"class_list":{"0":"post-1197","1":"product","2":"type-product","3":"status-publish","4":"has-post-thumbnail","6":"product_cat-otros-libros","7":"product_cat-promociones-juridicas","8":"product_shipping_class-mercado-envio","10":"first","11":"instock","12":"shipping-taxable","13":"purchasable","14":"product-type-simple"},"aioseo_notices":[],"_links":{"self":[{"href":"https:\/\/edicionesdelpais.com\/editorial\/wp-json\/wp\/v2\/product\/1197","targetHints":{"allow":["GET"]}}],"collection":[{"href":"https:\/\/edicionesdelpais.com\/editorial\/wp-json\/wp\/v2\/product"}],"about":[{"href":"https:\/\/edicionesdelpais.com\/editorial\/wp-json\/wp\/v2\/types\/product"}],"wp:featuredmedia":[{"embeddable":true,"href":"https:\/\/edicionesdelpais.com\/editorial\/wp-json\/wp\/v2\/media\/1284"}],"wp:attachment":[{"href":"https:\/\/edicionesdelpais.com\/editorial\/wp-json\/wp\/v2\/media?parent=1197"}],"wp:term":[{"taxonomy":"product_brand","embeddable":true,"href":"https:\/\/edicionesdelpais.com\/editorial\/wp-json\/wp\/v2\/product_brand?post=1197"},{"taxonomy":"product_cat","embeddable":true,"href":"https:\/\/edicionesdelpais.com\/editorial\/wp-json\/wp\/v2\/product_cat?post=1197"},{"taxonomy":"product_tag","embeddable":true,"href":"https:\/\/edicionesdelpais.com\/editorial\/wp-json\/wp\/v2\/product_tag?post=1197"}],"curies":[{"name":"wp","href":"https:\/\/api.w.org\/{rel}","templated":true}]}}