{"id":1110,"date":"2025-09-23T14:32:28","date_gmt":"2025-09-23T17:32:28","guid":{"rendered":"https:\/\/edicionesdelpais.com\/editorial\/?post_type=product&#038;p=1110"},"modified":"2025-12-26T13:52:51","modified_gmt":"2025-12-26T16:52:51","slug":"guia-practica-paso-a-paso-escrituracion-usucapion-medianeria-etc","status":"publish","type":"product","link":"https:\/\/edicionesdelpais.com\/editorial\/producto\/guia-practica-paso-a-paso-escrituracion-usucapion-medianeria-etc\/","title":{"rendered":"Gu\u00eda Pr\u00e1ctica Paso a Paso ( Escrituraci\u00f3n, Usucapi\u00f3n, Medianer\u00eda, etc )"},"content":{"rendered":"<div>\n<div>\n<p>Gu\u00eda Pr\u00e1ctica Paso a Paso<br \/>\nEscrituraci\u00f3n, Usucapi\u00f3n, Medianer\u00eda, Acci\u00f3n Reivindicatoria,<br \/>\nInterdictos. Doctrina \u2013 Legislaci\u00f3n \u2013 Jurisprudencia \u2013 Modelos, 1 tomo, 280 p\u00e1ginas, edici\u00f3n 2021<\/p>\n<\/div>\n<div>\n<p>&nbsp;<\/p>\n<\/div>\n<\/div>\n<p>Podes retirarlo en nuestra sucursal de Tribunales, Caba<br \/>\no en Zona sur ( Longchamps )<br \/>\nrealizamos env\u00edo a todo el Pa\u00eds<\/p>\n<p>Horario de atenci\u00f3n Lun a Vie de 10:30 a 17 hs<\/p>\n<h4><\/h4>\n<h4>Contamos con env\u00edos a todos el Pa\u00eds.<\/h4>\n","protected":false},"excerpt":{"rendered":"<p>Gu\u00eda Pr\u00e1ctica Paso a Paso Escrituraci\u00f3n, Usucapi\u00f3n, Medianer\u00eda, Acci\u00f3n Reivindicatoria, Interdictos. Doctrina \u2013 Legislaci\u00f3n \u2013 Jurisprudencia \u2013 Modelos, 1 tomo, 280 p\u00e1ginas, edici\u00f3n 2021 &nbsp; Podes retirarlo en nuestra sucursal de Tribunales, Caba o en Zona sur ( Longchamps ) realizamos env\u00edo a todo el Pa\u00eds Horario de atenci\u00f3n Lun a Vie de 10:30 a [&hellip;]<\/p>\n","protected":false},"featured_media":1269,"template":"","meta":[],"product_brand":[],"product_cat":[45,57],"product_tag":[],"class_list":{"0":"post-1110","1":"product","2":"type-product","3":"status-publish","4":"has-post-thumbnail","6":"product_cat-novedades","7":"product_cat-otros-libros","8":"product_shipping_class-mercado-envio","10":"first","11":"instock","12":"shipping-taxable","13":"purchasable","14":"product-type-simple"},"aioseo_notices":[],"_links":{"self":[{"href":"https:\/\/edicionesdelpais.com\/editorial\/wp-json\/wp\/v2\/product\/1110","targetHints":{"allow":["GET"]}}],"collection":[{"href":"https:\/\/edicionesdelpais.com\/editorial\/wp-json\/wp\/v2\/product"}],"about":[{"href":"https:\/\/edicionesdelpais.com\/editorial\/wp-json\/wp\/v2\/types\/product"}],"wp:featuredmedia":[{"embeddable":true,"href":"https:\/\/edicionesdelpais.com\/editorial\/wp-json\/wp\/v2\/media\/1269"}],"wp:attachment":[{"href":"https:\/\/edicionesdelpais.com\/editorial\/wp-json\/wp\/v2\/media?parent=1110"}],"wp:term":[{"taxonomy":"product_brand","embeddable":true,"href":"https:\/\/edicionesdelpais.com\/editorial\/wp-json\/wp\/v2\/product_brand?post=1110"},{"taxonomy":"product_cat","embeddable":true,"href":"https:\/\/edicionesdelpais.com\/editorial\/wp-json\/wp\/v2\/product_cat?post=1110"},{"taxonomy":"product_tag","embeddable":true,"href":"https:\/\/edicionesdelpais.com\/editorial\/wp-json\/wp\/v2\/product_tag?post=1110"}],"curies":[{"name":"wp","href":"https:\/\/api.w.org\/{rel}","templated":true}]}}