{"id":1104,"date":"2025-09-23T14:32:28","date_gmt":"2025-09-23T17:32:28","guid":{"rendered":"https:\/\/edicionesdelpais.com\/editorial\/?post_type=product&#038;p=1104"},"modified":"2025-12-26T13:52:51","modified_gmt":"2025-12-26T16:52:51","slug":"pack-codigo-civil-y-comercial-con-leyes-complementarias-4-codigos-pocket","status":"publish","type":"product","link":"https:\/\/edicionesdelpais.com\/editorial\/producto\/pack-codigo-civil-y-comercial-con-leyes-complementarias-4-codigos-pocket\/","title":{"rendered":"Pack C\u00f3digo Civil Y Comercial Con Leyes Complementar\u00edas + 4 C\u00f3digos Pocket"},"content":{"rendered":"<p><strong>Ediciones del Pa\u00eds<\/strong><\/p>\n<p>Pack Pocket 2025<\/p>\n<p>&nbsp;<\/p>\n<p>C\u00f3digo Civil y Comercial Con leyes complementar\u00edas<\/p>\n<p>+ C\u00f3digo Penal<\/p>\n<p>+ Procesal Civil y Comercial Naci\u00f3n<\/p>\n<p>+Procesal Penal Naci\u00f2n<\/p>\n<p>+Constituci\u00f3n C\/Tratados Internacionales<\/p>\n<h5>MEDIDAS:\u00a0 19 X 14 CM<\/h5>\n<p>&nbsp;<\/p>\n<p>&nbsp;<\/p>\n<h4>USTED PODR\u00c1 CONSULTAR Y DESCARGAR LAS ACTUALIZACIONES VIGENTES.<\/h4>\n<h4>TODOS NUESTROS LIBROS CUENTAN CON ESTE BENEFICIO.<\/h4>\n<h4><a href=\"http:\/\/edicionesdelpais.com\/editorial\/mi-cuenta\/actualizaciones-editorial\/\">HTTP:\/\/EDICIONESDELPAIS.COM\/EDITORIAL\/MI-CUENTA\/ACTUALIZACIONES-EDITORIAL\/<\/a><\/h4>\n<h4>CONTAMOS CON ENV\u00cdOS A TODOS EL PA\u00cdS.<\/h4>\n<p>&nbsp;<\/p>\n","protected":false},"excerpt":{"rendered":"<p>Ediciones del Pa\u00eds Pack Pocket 2025 &nbsp; C\u00f3digo Civil y Comercial Con leyes complementar\u00edas + C\u00f3digo Penal + Procesal Civil y Comercial Naci\u00f3n +Procesal Penal Naci\u00f2n +Constituci\u00f3n C\/Tratados Internacionales MEDIDAS:\u00a0 19 X 14 CM &nbsp; &nbsp; USTED PODR\u00c1 CONSULTAR Y DESCARGAR LAS ACTUALIZACIONES VIGENTES. TODOS NUESTROS LIBROS CUENTAN CON ESTE BENEFICIO. HTTP:\/\/EDICIONESDELPAIS.COM\/EDITORIAL\/MI-CUENTA\/ACTUALIZACIONES-EDITORIAL\/ CONTAMOS CON ENV\u00cdOS [&hellip;]<\/p>\n","protected":false},"featured_media":1263,"template":"","meta":[],"product_brand":[],"product_cat":[72,75,60],"product_tag":[],"class_list":{"0":"post-1104","1":"product","2":"type-product","3":"status-publish","4":"has-post-thumbnail","6":"product_cat-codigos","7":"product_cat-nacionales","8":"product_cat-promociones-juridicas","9":"product_shipping_class-mercado-envio","11":"first","12":"instock","13":"shipping-taxable","14":"purchasable","15":"product-type-simple"},"aioseo_notices":[],"_links":{"self":[{"href":"https:\/\/edicionesdelpais.com\/editorial\/wp-json\/wp\/v2\/product\/1104","targetHints":{"allow":["GET"]}}],"collection":[{"href":"https:\/\/edicionesdelpais.com\/editorial\/wp-json\/wp\/v2\/product"}],"about":[{"href":"https:\/\/edicionesdelpais.com\/editorial\/wp-json\/wp\/v2\/types\/product"}],"wp:featuredmedia":[{"embeddable":true,"href":"https:\/\/edicionesdelpais.com\/editorial\/wp-json\/wp\/v2\/media\/1263"}],"wp:attachment":[{"href":"https:\/\/edicionesdelpais.com\/editorial\/wp-json\/wp\/v2\/media?parent=1104"}],"wp:term":[{"taxonomy":"product_brand","embeddable":true,"href":"https:\/\/edicionesdelpais.com\/editorial\/wp-json\/wp\/v2\/product_brand?post=1104"},{"taxonomy":"product_cat","embeddable":true,"href":"https:\/\/edicionesdelpais.com\/editorial\/wp-json\/wp\/v2\/product_cat?post=1104"},{"taxonomy":"product_tag","embeddable":true,"href":"https:\/\/edicionesdelpais.com\/editorial\/wp-json\/wp\/v2\/product_tag?post=1104"}],"curies":[{"name":"wp","href":"https:\/\/api.w.org\/{rel}","templated":true}]}}