{"id":1065,"date":"2025-09-23T14:32:28","date_gmt":"2025-09-23T17:32:28","guid":{"rendered":"https:\/\/edicionesdelpais.com\/editorial\/?post_type=product&#038;p=1065"},"modified":"2025-12-26T13:52:51","modified_gmt":"2025-12-26T16:52:51","slug":"pack-legislacion-policial-codigo-penal-x-4","status":"publish","type":"product","link":"https:\/\/edicionesdelpais.com\/editorial\/producto\/pack-legislacion-policial-codigo-penal-x-4\/","title":{"rendered":"PACK LEGISLACI\u00d3N POLICIAL + C\u00d3DIGO PENAL X 4"},"content":{"rendered":"<section class=\"main-section item-description \">\n<div id=\"description-includes\" class=\"item-description__content \">\n<div class=\"item-description__text\">\n<p>Pack<br \/>\nLegislaci\u00f3n Policial de la Provincia de Buenos Aires<\/p>\n<p>+<\/p>\n<p>C\u00f3digo Penal X 4 ( C\u00f3digo Penal, Procesal Penal Naci\u00f3n y Provincia, Constituci\u00f3n Nacional con Tratados, incluye el nuevo C\u00f3digo Procesal Penal Federal)<\/p>\n<\/div>\n<\/div>\n<\/section>\n<section id=\"vip-section-question\" class=\"vip-section-questions section-details main-section \" data-component=\"question\"><\/section>\n<h5><a href=\"http:\/\/edicionesdelpais.com\/editorial\/wp-content\/uploads\/2019\/03\/CODIGO-X-4_INDICE.pdf\">CODIGO X 4_INDICE<\/a><\/h5>\n<h5>EDICI\u00d3N\u00a0 2025<\/h5>\n<h5>MEDIDAS: 24 X 17 cm<\/h5>\n<h4>USTED PODR\u00c1 CONSULTAR Y DESCARGAR LAS ACTUALIZACIONES VIGENTES.<\/h4>\n<h4>TODOS NUESTROS LIBROS CUENTAN CON ESTE BENEFICIO.<\/h4>\n<h4><a href=\"http:\/\/edicionesdelpais.com\/editorial\/mi-cuenta\/actualizaciones-editorial\/\">http:\/\/edicionesdelpais.com\/editorial\/mi-cuenta\/actualizaciones-editorial\/<\/a><\/h4>\n<h4>CONTAMOS CON ENV\u00cdOS A TODOS EL PA\u00cdS.<\/h4>\n","protected":false},"excerpt":{"rendered":"<blockquote><p>&nbsp;<\/p><\/blockquote>\n","protected":false},"featured_media":1161,"template":"","meta":[],"product_brand":[],"product_cat":[72,75,120,60],"product_tag":[],"class_list":{"0":"post-1065","1":"product","2":"type-product","3":"status-publish","4":"has-post-thumbnail","6":"product_cat-codigos","7":"product_cat-nacionales","8":"product_cat-policia","9":"product_cat-promociones-juridicas","10":"product_shipping_class-mercado-envio","12":"first","13":"instock","14":"shipping-taxable","15":"purchasable","16":"product-type-simple"},"aioseo_notices":[],"_links":{"self":[{"href":"https:\/\/edicionesdelpais.com\/editorial\/wp-json\/wp\/v2\/product\/1065","targetHints":{"allow":["GET"]}}],"collection":[{"href":"https:\/\/edicionesdelpais.com\/editorial\/wp-json\/wp\/v2\/product"}],"about":[{"href":"https:\/\/edicionesdelpais.com\/editorial\/wp-json\/wp\/v2\/types\/product"}],"wp:featuredmedia":[{"embeddable":true,"href":"https:\/\/edicionesdelpais.com\/editorial\/wp-json\/wp\/v2\/media\/1161"}],"wp:attachment":[{"href":"https:\/\/edicionesdelpais.com\/editorial\/wp-json\/wp\/v2\/media?parent=1065"}],"wp:term":[{"taxonomy":"product_brand","embeddable":true,"href":"https:\/\/edicionesdelpais.com\/editorial\/wp-json\/wp\/v2\/product_brand?post=1065"},{"taxonomy":"product_cat","embeddable":true,"href":"https:\/\/edicionesdelpais.com\/editorial\/wp-json\/wp\/v2\/product_cat?post=1065"},{"taxonomy":"product_tag","embeddable":true,"href":"https:\/\/edicionesdelpais.com\/editorial\/wp-json\/wp\/v2\/product_tag?post=1065"}],"curies":[{"name":"wp","href":"https:\/\/api.w.org\/{rel}","templated":true}]}}