{"id":1062,"date":"2025-09-23T14:32:28","date_gmt":"2025-09-23T17:32:28","guid":{"rendered":"https:\/\/edicionesdelpais.com\/editorial\/?post_type=product&#038;p=1062"},"modified":"2026-02-24T15:47:43","modified_gmt":"2026-02-24T18:47:43","slug":"codigo-civil-y-comercial-de-la-nacion-argentina-estudiantil","status":"publish","type":"product","link":"https:\/\/edicionesdelpais.com\/editorial\/producto\/codigo-civil-y-comercial-de-la-nacion-argentina-estudiantil\/","title":{"rendered":"C\u00d3DIGO CIVIL Y COMERCIAL DE LA NACI\u00d3N ARGENTINA (Estudiantil)"},"content":{"rendered":"<p><strong>C\u00d3DIGO CIVIL Y COMERCIAL DE LA NACI\u00d3N ARGENTINA (Versi\u00f3n Estudiantil)<\/strong><\/p>\n<p>Contiene todos los art\u00edculos del C\u00f3digo sin las Leyes complementarias.<\/p>\n<p>medidas: 19 x 14 cm.<\/p>\n<p><strong>\u00a0Marzo de 2026<\/strong><\/p>\n<p>&nbsp;<\/p>\n<p><strong>p\u00e1ginas.<\/strong><\/p>\n<p><strong>Medidas: 19 x 14 cm<\/strong><\/p>\n<h4><\/h4>\n<h4>USTED PODR\u00c1 CONSULTAR Y DESCARGAR LAS ACTUALIZACIONES VIGENTES.<\/h4>\n<h4>TODOS NUESTROS LIBROS CUENTAN CON ESTE BENEFICIO.<\/h4>\n<h4><a href=\"http:\/\/edicionesdelpais.com\/editorial\/mi-cuenta\/actualizaciones-editorial\/\">http:\/\/edicionesdelpais.com\/editorial\/mi-cuenta\/actualizaciones-editorial\/<\/a><\/h4>\n<h4>Contamos con env\u00edos a todos el Pa\u00eds.<\/h4>\n<p>&nbsp;<\/p>\n","protected":false},"excerpt":{"rendered":"<p>C\u00d3DIGO CIVIL Y COMERCIAL DE LA NACI\u00d3N ARGENTINA (Versi\u00f3n Estudiantil) Contiene todos los art\u00edculos del C\u00f3digo sin las Leyes complementarias. medidas: 19 x 14 cm. \u00a0Marzo de 2026 &nbsp; p\u00e1ginas. Medidas: 19 x 14 cm USTED PODR\u00c1 CONSULTAR Y DESCARGAR LAS ACTUALIZACIONES VIGENTES. TODOS NUESTROS LIBROS CUENTAN CON ESTE BENEFICIO. http:\/\/edicionesdelpais.com\/editorial\/mi-cuenta\/actualizaciones-editorial\/ Contamos con env\u00edos a [&hellip;]<\/p>\n","protected":false},"featured_media":1158,"template":"","meta":[],"product_brand":[],"product_cat":[72,75],"product_tag":[],"class_list":{"0":"post-1062","1":"product","2":"type-product","3":"status-publish","4":"has-post-thumbnail","6":"product_cat-codigos","7":"product_cat-nacionales","8":"product_shipping_class-mercado-envio","10":"first","11":"instock","12":"shipping-taxable","13":"purchasable","14":"product-type-simple"},"aioseo_notices":[],"_links":{"self":[{"href":"https:\/\/edicionesdelpais.com\/editorial\/wp-json\/wp\/v2\/product\/1062","targetHints":{"allow":["GET"]}}],"collection":[{"href":"https:\/\/edicionesdelpais.com\/editorial\/wp-json\/wp\/v2\/product"}],"about":[{"href":"https:\/\/edicionesdelpais.com\/editorial\/wp-json\/wp\/v2\/types\/product"}],"wp:featuredmedia":[{"embeddable":true,"href":"https:\/\/edicionesdelpais.com\/editorial\/wp-json\/wp\/v2\/media\/1158"}],"wp:attachment":[{"href":"https:\/\/edicionesdelpais.com\/editorial\/wp-json\/wp\/v2\/media?parent=1062"}],"wp:term":[{"taxonomy":"product_brand","embeddable":true,"href":"https:\/\/edicionesdelpais.com\/editorial\/wp-json\/wp\/v2\/product_brand?post=1062"},{"taxonomy":"product_cat","embeddable":true,"href":"https:\/\/edicionesdelpais.com\/editorial\/wp-json\/wp\/v2\/product_cat?post=1062"},{"taxonomy":"product_tag","embeddable":true,"href":"https:\/\/edicionesdelpais.com\/editorial\/wp-json\/wp\/v2\/product_tag?post=1062"}],"curies":[{"name":"wp","href":"https:\/\/api.w.org\/{rel}","templated":true}]}}