{"id":1059,"date":"2025-09-23T14:32:28","date_gmt":"2025-09-23T17:32:28","guid":{"rendered":"https:\/\/edicionesdelpais.com\/editorial\/?post_type=product&#038;p=1059"},"modified":"2025-12-26T13:52:51","modified_gmt":"2025-12-26T16:52:51","slug":"pack-codigo-penal-y-procesal-penal-nacion-2025-pocket","status":"publish","type":"product","link":"https:\/\/edicionesdelpais.com\/editorial\/producto\/pack-codigo-penal-y-procesal-penal-nacion-2025-pocket\/","title":{"rendered":"Pack C\u00f3digo Penal Y Procesal Penal Naci\u00f3n ( Pocket )"},"content":{"rendered":"<p>Pack C\u00f3digo Penal Y Procesal Penal Naci\u00f3n 2025 ( Pocket )<\/p>\n<p>&nbsp;<\/p>\n<h5>MEDIDAS: 19 X 14 CM<\/h5>\n<h4>USTED PODR\u00c1 CONSULTAR Y DESCARGAR LAS ACTUALIZACIONES VIGENTES.<\/h4>\n<h4>TODOS NUESTROS LIBROS CUENTAN CON ESTE BENEFICIO.<\/h4>\n<h4><a href=\"http:\/\/edicionesdelpais.com\/editorial\/mi-cuenta\/actualizaciones-editorial\/\">HTTP:\/\/EDICIONESDELPAIS.COM\/EDITORIAL\/MI-CUENTA\/ACTUALIZACIONES-EDITORIAL\/<\/a><\/h4>\n<h4>CONTAMOS CON ENV\u00cdOS A TODOS EL PA\u00cdS.<\/h4>\n<p>&nbsp;<\/p>\n","protected":false},"excerpt":{"rendered":"<p>Pack C\u00f3digo Penal Y Procesal Penal Naci\u00f3n 2025 ( Pocket ) &nbsp; MEDIDAS: 19 X 14 CM USTED PODR\u00c1 CONSULTAR Y DESCARGAR LAS ACTUALIZACIONES VIGENTES. TODOS NUESTROS LIBROS CUENTAN CON ESTE BENEFICIO. HTTP:\/\/EDICIONESDELPAIS.COM\/EDITORIAL\/MI-CUENTA\/ACTUALIZACIONES-EDITORIAL\/ CONTAMOS CON ENV\u00cdOS A TODOS EL PA\u00cdS. &nbsp;<\/p>\n","protected":false},"featured_media":1155,"template":"","meta":[],"product_brand":[],"product_cat":[45,60],"product_tag":[],"class_list":{"0":"post-1059","1":"product","2":"type-product","3":"status-publish","4":"has-post-thumbnail","6":"product_cat-novedades","7":"product_cat-promociones-juridicas","8":"product_shipping_class-mercado-envio","10":"first","11":"instock","12":"shipping-taxable","13":"purchasable","14":"product-type-simple"},"aioseo_notices":[],"_links":{"self":[{"href":"https:\/\/edicionesdelpais.com\/editorial\/wp-json\/wp\/v2\/product\/1059","targetHints":{"allow":["GET"]}}],"collection":[{"href":"https:\/\/edicionesdelpais.com\/editorial\/wp-json\/wp\/v2\/product"}],"about":[{"href":"https:\/\/edicionesdelpais.com\/editorial\/wp-json\/wp\/v2\/types\/product"}],"wp:featuredmedia":[{"embeddable":true,"href":"https:\/\/edicionesdelpais.com\/editorial\/wp-json\/wp\/v2\/media\/1155"}],"wp:attachment":[{"href":"https:\/\/edicionesdelpais.com\/editorial\/wp-json\/wp\/v2\/media?parent=1059"}],"wp:term":[{"taxonomy":"product_brand","embeddable":true,"href":"https:\/\/edicionesdelpais.com\/editorial\/wp-json\/wp\/v2\/product_brand?post=1059"},{"taxonomy":"product_cat","embeddable":true,"href":"https:\/\/edicionesdelpais.com\/editorial\/wp-json\/wp\/v2\/product_cat?post=1059"},{"taxonomy":"product_tag","embeddable":true,"href":"https:\/\/edicionesdelpais.com\/editorial\/wp-json\/wp\/v2\/product_tag?post=1059"}],"curies":[{"name":"wp","href":"https:\/\/api.w.org\/{rel}","templated":true}]}}