{"id":1053,"date":"2025-09-23T14:32:27","date_gmt":"2025-09-23T17:32:27","guid":{"rendered":"https:\/\/edicionesdelpais.com\/editorial\/?post_type=product&#038;p=1053"},"modified":"2025-11-12T13:26:19","modified_gmt":"2025-11-12T16:26:19","slug":"mi-mensaje-eva-peron","status":"publish","type":"product","link":"https:\/\/edicionesdelpais.com\/editorial\/producto\/mi-mensaje-eva-peron\/","title":{"rendered":"MI MENSAJE, EVA PER\u00d3N"},"content":{"rendered":"<h5>MI MENSAJE, <a href=\"http:\/\/edicionesdelpais.com\/editorial\/product\/la-razon-de-mi-vida-eva-peron\/\">EVA PER\u00d3N<\/a><\/h5>\n<p>Ultimo libro de Mar\u00eda Eva Duarte de Per\u00f3n, tambi\u00e9n conocida como Evita.<\/p>\n<p>Es una continuaci\u00f3n de\u00a0<i><a href=\"http:\/\/edicionesdelpais.com\/editorial\/product\/la-razon-de-mi-vida-eva-peron\/\">La raz\u00f3n de mi vida<\/a>.<\/i>\u00a0\u00a0Se lo describe como el texto m\u00e1s encendido de la autora<\/p>\n<p>&#8220;En Mi Mensaje reside la pasi\u00f3n de Eva por los trabajadores y su decisi\u00f3n, qued\u00e1ndole pocos meses de vida, de dar el grito de alerta para identificar claramente a los traidores y evitar que pudiesen obstaculizar la marcha de la Nueva Argentina hacia sus grandes objetivos de independencia nacional y justicia social&#8221;<\/p>\n<h4><\/h4>\n<h5>MEDIDAS: 24 X 14 CM<\/h5>\n<h5>52 P\u00c1GINAS\u00a0 Edici\u00f3n\u00a0 2019<\/h5>\n<h4>Editorial: Ediciones del Pa\u00eds<\/h4>\n<h4><\/h4>\n<h4><\/h4>\n","protected":false},"excerpt":{"rendered":"<p>MI MENSAJE, EVA PER\u00d3N Ultimo libro de Mar\u00eda Eva Duarte de Per\u00f3n, tambi\u00e9n conocida como Evita. Es una continuaci\u00f3n de\u00a0La raz\u00f3n de mi vida.\u00a0\u00a0Se lo describe como el texto m\u00e1s encendido de la autora &#8220;En Mi Mensaje reside la pasi\u00f3n de Eva por los trabajadores y su decisi\u00f3n, qued\u00e1ndole pocos meses de vida, de dar [&hellip;]<\/p>\n","protected":false},"featured_media":1149,"template":"","meta":[],"product_brand":[],"product_cat":[57],"product_tag":[],"class_list":{"0":"post-1053","1":"product","2":"type-product","3":"status-publish","4":"has-post-thumbnail","6":"product_cat-otros-libros","7":"product_shipping_class-mercado-envio","9":"first","10":"instock","11":"shipping-taxable","12":"purchasable","13":"product-type-simple"},"aioseo_notices":[],"_links":{"self":[{"href":"https:\/\/edicionesdelpais.com\/editorial\/wp-json\/wp\/v2\/product\/1053","targetHints":{"allow":["GET"]}}],"collection":[{"href":"https:\/\/edicionesdelpais.com\/editorial\/wp-json\/wp\/v2\/product"}],"about":[{"href":"https:\/\/edicionesdelpais.com\/editorial\/wp-json\/wp\/v2\/types\/product"}],"wp:featuredmedia":[{"embeddable":true,"href":"https:\/\/edicionesdelpais.com\/editorial\/wp-json\/wp\/v2\/media\/1149"}],"wp:attachment":[{"href":"https:\/\/edicionesdelpais.com\/editorial\/wp-json\/wp\/v2\/media?parent=1053"}],"wp:term":[{"taxonomy":"product_brand","embeddable":true,"href":"https:\/\/edicionesdelpais.com\/editorial\/wp-json\/wp\/v2\/product_brand?post=1053"},{"taxonomy":"product_cat","embeddable":true,"href":"https:\/\/edicionesdelpais.com\/editorial\/wp-json\/wp\/v2\/product_cat?post=1053"},{"taxonomy":"product_tag","embeddable":true,"href":"https:\/\/edicionesdelpais.com\/editorial\/wp-json\/wp\/v2\/product_tag?post=1053"}],"curies":[{"name":"wp","href":"https:\/\/api.w.org\/{rel}","templated":true}]}}