{"id":1050,"date":"2025-09-23T14:32:27","date_gmt":"2025-09-23T17:32:27","guid":{"rendered":"https:\/\/edicionesdelpais.com\/editorial\/?post_type=product&#038;p=1050"},"modified":"2025-12-26T13:52:51","modified_gmt":"2025-12-26T16:52:51","slug":"coleccion-eva-peron","status":"publish","type":"product","link":"https:\/\/edicionesdelpais.com\/editorial\/producto\/coleccion-eva-peron\/","title":{"rendered":"Colecci\u00f3n Eva Per\u00f3n."},"content":{"rendered":"<p>La Colecci\u00f3n de libros Eva Per\u00f3n<\/p>\n<p>Incluye:<br \/>\nLa raz\u00f3n de mi vida (132 P\u00e1ginas)<\/p>\n<p>Mi Mensaje (\u00a052 P\u00e1ginas )<\/p>\n<p>Por Qu\u00e9 Soy Peronista\u00a0 (68 P\u00e1ginas)<\/p>\n<p>+ De regalo Calcos de Evita<\/p>\n<p>&#8220;Nuestra patria dejar\u00e1 de ser colonia, o la bandera flamear\u00e1 sobre sus ruinas.\u201c<\/p>\n<p>Mar\u00eda Eva Duarte de Per\u00f3n , m\u00e1s conocida como Eva Per\u00f3n o Evita, fue una actriz y pol\u00edtica argentina. Se cas\u00f3 con Juan Domingo Per\u00f3n en 1945 y tras la asunci\u00f3n de este como presidente de la Naci\u00f3n Argentina el a\u00f1o siguiente, Duarte se convirti\u00f3 en primera dama. Fue presidenta del Partido Peronista Femenino, presidenta de la Fundaci\u00f3n Eva Per\u00f3n y jefa espiritual de la Naci\u00f3n.<\/p>\n<h5>MEDIDAS: 24 X 14 CM<\/h5>\n<p>Edici\u00f3n 2019<\/p>\n<h4>Editorial: Ediciones del Pa\u00eds<\/h4>\n<h4><\/h4>\n<h4><\/h4>\n","protected":false},"excerpt":{"rendered":"<p>La Colecci\u00f3n de libros Eva Per\u00f3n Incluye: La raz\u00f3n de mi vida (132 P\u00e1ginas) Mi Mensaje (\u00a052 P\u00e1ginas ) Por Qu\u00e9 Soy Peronista\u00a0 (68 P\u00e1ginas) + De regalo Calcos de Evita &#8220;Nuestra patria dejar\u00e1 de ser colonia, o la bandera flamear\u00e1 sobre sus ruinas.\u201c Mar\u00eda Eva Duarte de Per\u00f3n , m\u00e1s conocida como Eva Per\u00f3n [&hellip;]<\/p>\n","protected":false},"featured_media":1140,"template":"","meta":[],"product_brand":[],"product_cat":[126,57],"product_tag":[],"class_list":{"0":"post-1050","1":"product","2":"type-product","3":"status-publish","4":"has-post-thumbnail","6":"product_cat-eva-peron","7":"product_cat-otros-libros","8":"product_shipping_class-mercado-envio","10":"first","11":"instock","12":"shipping-taxable","13":"purchasable","14":"product-type-simple"},"aioseo_notices":[],"_links":{"self":[{"href":"https:\/\/edicionesdelpais.com\/editorial\/wp-json\/wp\/v2\/product\/1050","targetHints":{"allow":["GET"]}}],"collection":[{"href":"https:\/\/edicionesdelpais.com\/editorial\/wp-json\/wp\/v2\/product"}],"about":[{"href":"https:\/\/edicionesdelpais.com\/editorial\/wp-json\/wp\/v2\/types\/product"}],"wp:featuredmedia":[{"embeddable":true,"href":"https:\/\/edicionesdelpais.com\/editorial\/wp-json\/wp\/v2\/media\/1140"}],"wp:attachment":[{"href":"https:\/\/edicionesdelpais.com\/editorial\/wp-json\/wp\/v2\/media?parent=1050"}],"wp:term":[{"taxonomy":"product_brand","embeddable":true,"href":"https:\/\/edicionesdelpais.com\/editorial\/wp-json\/wp\/v2\/product_brand?post=1050"},{"taxonomy":"product_cat","embeddable":true,"href":"https:\/\/edicionesdelpais.com\/editorial\/wp-json\/wp\/v2\/product_cat?post=1050"},{"taxonomy":"product_tag","embeddable":true,"href":"https:\/\/edicionesdelpais.com\/editorial\/wp-json\/wp\/v2\/product_tag?post=1050"}],"curies":[{"name":"wp","href":"https:\/\/api.w.org\/{rel}","templated":true}]}}