{"id":1047,"date":"2025-09-23T14:32:27","date_gmt":"2025-09-23T17:32:27","guid":{"rendered":"https:\/\/edicionesdelpais.com\/editorial\/?post_type=product&#038;p=1047"},"modified":"2025-11-12T13:26:50","modified_gmt":"2025-11-12T16:26:50","slug":"por-que-soy-peronista-eva-peron","status":"publish","type":"product","link":"https:\/\/edicionesdelpais.com\/editorial\/producto\/por-que-soy-peronista-eva-peron\/","title":{"rendered":"Por qu\u00e9 soy Peronista \u2013 Eva Per\u00f3n"},"content":{"rendered":"<h5>Por qu\u00e9 soy Peronista \u2013 \u00a0<a href=\"http:\/\/edicionesdelpais.com\/editorial\/product\/la-razon-de-mi-vida-eva-peron\/\">EVA PER\u00d3N<\/a><\/h5>\n<p>&nbsp;<\/p>\n<div><b><i>&#8220;El peronismo no se aprende ni se proclama, se comprende y se siente, ha dicho Per\u00f3n. Por eso es<\/i><\/b><b>\u00a0<i>convicci\u00f3n y es fe<\/i>.<\/b><\/div>\n<div><b>Es convicci\u00f3n porque nace y se nutre en el an\u00e1lisis de los hechos, en la raz\u00f3n de sus causas y de sus consecuencias. Tiene el empuje y la din\u00e1mica de la historia en marcha.<\/b><\/div>\n<div><b>Es la conciencia hecha justicia que reclama la humanidad de nuestros d\u00edas. Es trabajo, es sacrificio y es amor, amor al pr\u00f3jimo&#8221;.<\/b><\/div>\n<h4>MEDIDAS: 24 X 14 CM<\/h4>\n<h5>68 P\u00c1GINAS\u00a0 Edici\u00f3n\u00a0 2019<\/h5>\n<h4><\/h4>\n<h4>Tambi\u00e9n contamos con La Raz\u00f3n de mi Vida y Mi Mensaje.<\/h4>\n<p>Colecci\u00f3n <a href=\"http:\/\/edicionesdelpais.com\/editorial\/product\/coleccion-eva-peron\/\">Eva Per\u00f3n<\/a>.<\/p>\n<h5>MEDIDAS: 24 X 14 CM<\/h5>\n<h5>68 P\u00c1GINAS\u00a0 Edici\u00f3n\u00a0 2019<\/h5>\n<h4>Editorial: Ediciones del Pa\u00eds<\/h4>\n<h4><\/h4>\n<h4><\/h4>\n","protected":false},"excerpt":{"rendered":"<p>Por qu\u00e9 soy Peronista \u2013 \u00a0EVA PER\u00d3N &nbsp; &#8220;El peronismo no se aprende ni se proclama, se comprende y se siente, ha dicho Per\u00f3n. Por eso es\u00a0convicci\u00f3n y es fe. Es convicci\u00f3n porque nace y se nutre en el an\u00e1lisis de los hechos, en la raz\u00f3n de sus causas y de sus consecuencias. Tiene el [&hellip;]<\/p>\n","protected":false},"featured_media":1137,"template":"","meta":[],"product_brand":[],"product_cat":[57],"product_tag":[],"class_list":{"0":"post-1047","1":"product","2":"type-product","3":"status-publish","4":"has-post-thumbnail","6":"product_cat-otros-libros","7":"product_shipping_class-mercado-envio","9":"first","10":"instock","11":"shipping-taxable","12":"purchasable","13":"product-type-simple"},"aioseo_notices":[],"_links":{"self":[{"href":"https:\/\/edicionesdelpais.com\/editorial\/wp-json\/wp\/v2\/product\/1047","targetHints":{"allow":["GET"]}}],"collection":[{"href":"https:\/\/edicionesdelpais.com\/editorial\/wp-json\/wp\/v2\/product"}],"about":[{"href":"https:\/\/edicionesdelpais.com\/editorial\/wp-json\/wp\/v2\/types\/product"}],"wp:featuredmedia":[{"embeddable":true,"href":"https:\/\/edicionesdelpais.com\/editorial\/wp-json\/wp\/v2\/media\/1137"}],"wp:attachment":[{"href":"https:\/\/edicionesdelpais.com\/editorial\/wp-json\/wp\/v2\/media?parent=1047"}],"wp:term":[{"taxonomy":"product_brand","embeddable":true,"href":"https:\/\/edicionesdelpais.com\/editorial\/wp-json\/wp\/v2\/product_brand?post=1047"},{"taxonomy":"product_cat","embeddable":true,"href":"https:\/\/edicionesdelpais.com\/editorial\/wp-json\/wp\/v2\/product_cat?post=1047"},{"taxonomy":"product_tag","embeddable":true,"href":"https:\/\/edicionesdelpais.com\/editorial\/wp-json\/wp\/v2\/product_tag?post=1047"}],"curies":[{"name":"wp","href":"https:\/\/api.w.org\/{rel}","templated":true}]}}